{"id":1827,"date":"2022-08-20T19:53:31","date_gmt":"2022-08-20T17:53:31","guid":{"rendered":"https:\/\/www.svr.no\/holmavassano-biotope-protection-area\/"},"modified":"2023-07-26T09:12:57","modified_gmt":"2023-07-26T07:12:57","slug":"holmavassano-biotope-protection-area","status":"publish","type":"page","link":"https:\/\/www.svr.no\/en\/about-the-protected-areas\/holmavassano-biotope-protection-area\/","title":{"rendered":"Holmavass\u00e5no Biotope Protection Area"},"content":{"rendered":"<p>[et_pb_section fb_built=&#8221;1&#8243; fullwidth=&#8221;on&#8221; _builder_version=&#8221;4.3.2&#8243; custom_css_main_element=&#8221;cursor: s-resize;&#8221;][et_pb_fullwidth_image src=&#8221;https:\/\/www.svr.no\/wp-content\/uploads\/2022\/04\/Forside2-Holmavassa\u030ano-biotopvernomra\u030ade-Foto-Kjell-Helle-Olsen-24.jpg&#8221; alt=&#8221;Mountain valley.&#8221; title_text=&#8221;Photo: Kjell Helle Olsen&#8221; _builder_version=&#8221;4.9.0&#8243;][\/et_pb_fullwidth_image][\/et_pb_section][et_pb_section fb_built=&#8221;1&#8243; module_class=&#8221;reveal_section&#8221; _builder_version=&#8221;4.9.0&#8243; custom_margin=&#8221;3vh||||false|false&#8221; custom_padding=&#8221;0px||0px||false|false&#8221;][et_pb_row column_structure=&#8221;1_2,1_2&#8243; module_class=&#8221;custom_row&#8221; _builder_version=&#8221;4.9.0&#8243; _module_preset=&#8221;default&#8221; background_color=&#8221;#eceae9&#8243; width=&#8221;95%&#8221; max_width=&#8221;2560px&#8221; custom_margin=&#8221;0px||0px||false|false&#8221; custom_padding=&#8221;0px||0px||false|false&#8221;][et_pb_column type=&#8221;1_2&#8243; module_class=&#8221;second-on-mobile&#8221; _builder_version=&#8221;4.9.0&#8243; _module_preset=&#8221;default&#8221;][et_pb_text _builder_version=&#8221;4.9.0&#8243; _module_preset=&#8221;default&#8221; custom_padding=&#8221;3vh|3vw|3vh|3vw|false|false&#8221; hover_enabled=&#8221;0&#8243; sticky_enabled=&#8221;0&#8243;]<\/p>\n<h2>Background for protection<\/h2>\n<p>The objective of the protection is to secure important migratory routes for the wild reindeer in the mountainous area between Kvanndalen Protected Landscape and Dyraheio Protected Landscape.<\/p>\n<p>The heritage values in Holmavass\u00e5no are therefore particularly related to the area\u2019s function as a migratory corridor for the wild reindeer population in Setesdal Vesthei &#8211; Ryfylkeheiane.<\/p>\n<p>During the summer, the biotope protection area forms an important link between the areas in Setesdal Vesthei-Ryfylkeheiane and Dyraheio Protected Landscape and the areas in Kvanndalen valley and Telemark. Terrain formations and disturbances from human activity further west make Holmavass\u00e5no a natural migratory route. During the winter, the wild reindeer walk across the ice on Holmavatnet lake.<\/p>\n<p>Even though the migratory routes in the biotope protection area are still used by the wild reindeer, the area is greatly affected by technical encroachments and human activity. Tourist trails, construction roads, reservoirs and power lines all create a barrier effect. This may be a contributing factor why the nursery herds have hardly used these areas during the summer over the past 50 years.<\/p>\n<p>[\/et_pb_text][\/et_pb_column][et_pb_column type=&#8221;1_2&#8243; module_class=&#8221;first-on-mobile&#8221; _builder_version=&#8221;4.9.0&#8243; _module_preset=&#8221;default&#8221;][et_pb_code _builder_version=&#8221;4.9.0&#8243; _module_preset=&#8221;default&#8221;]<pee><iframe loading=\"lazy\" title=\"Milj\u00f8kart\" src=\"https:\/\/miljoatlas.miljodirektoratet.no\/KlientMini.htm?lang=no&amp;extent=50072|6638464|62683|6645259&amp;layers=385:100;387:100;363:100;&amp;basemap=KART&amp;opacity=60&amp;saturation=100&amp;mappin=-6101|6556306\" width=\"980px\" height=\"650px\" frameborder=\"0\" scrolling=\"no\"> Din nettleser st\u00f8tter ikke Iframe \u2013 <a href=\"https:\/\/miljoatlas.miljodirektoratet.no\/iFrameSupport.htm?lang=no&amp;extent=50072|6638464|62683|6645259&amp;layers=385:100;387:100;363:100;&amp;basemap=KART&amp;opacity=60&amp;saturation=100&amp;mappin=-6101|6556306\" target=\"_new\" rel=\"noopener\"> Klikk her for \u00e5 \u00e5pne interaktivt kart<\/a> <\/iframe><\/pee>[\/et_pb_code][\/et_pb_column][\/et_pb_row][\/et_pb_section][et_pb_section fb_built=&#8221;1&#8243; module_class=&#8221;reveal_section&#8221; _builder_version=&#8221;4.9.0&#8243; custom_margin=&#8221;3vh||||false|false&#8221; custom_padding=&#8221;0px||0px||false|false&#8221;][et_pb_row column_structure=&#8221;1_2,1_2&#8243; module_class=&#8221;custom_row&#8221; _builder_version=&#8221;4.9.0&#8243; _module_preset=&#8221;default&#8221; background_color=&#8221;#eceae9&#8243; width=&#8221;95%&#8221; max_width=&#8221;2560px&#8221; custom_margin=&#8221;0px||0px||false|false&#8221; custom_padding=&#8221;0px||0px||false|false&#8221;][et_pb_column type=&#8221;1_2&#8243; module_class=&#8221;second-on-mobile&#8221; _builder_version=&#8221;4.9.0&#8243; _module_preset=&#8221;default&#8221;][et_pb_text _builder_version=&#8221;4.9.0&#8243; _module_preset=&#8221;default&#8221; custom_padding=&#8221;3vh|3vw|3vh|3vw|false|false&#8221; hover_enabled=&#8221;0&#8243; sticky_enabled=&#8221;0&#8243;]<\/p>\n<h2>Plant life and wildlife<\/h2>\n<p>Gravetj\u00f8nnuten, centrally located in the biotope protection area, is a very important winter grazing area for the wild reindeer. Both nursery herds and herds of bulls migrate to the area during the late autumn. The female reindeer migrate to the southeast towards the calving grounds in the spring, but some of the bull reindeer remain throughout the summer. During the autumn, migrating bulls travel through the area from the west to the east. Large parts of Holmavass\u00e5no Biotope Protection Area consist of basalt and other relatively hard volcanic rocks. In these areas, the vegetation is therefore relatively species-poor and consists of species that do not require many nutrients. On the other hand, the top of Gravetj\u00f8rnnuten mountain consists of phyllite where the vegetation is much richer.<\/p>\n<p>[\/et_pb_text][\/et_pb_column][et_pb_column type=&#8221;1_2&#8243; module_class=&#8221;first-on-mobile&#8221; _builder_version=&#8221;4.9.0&#8243; _module_preset=&#8221;default&#8221;][et_pb_image src=&#8221;https:\/\/www.svr.no\/wp-content\/uploads\/2022\/04\/Villreinflokk-pa\u030a-seinhausten-Jon-Erling-Ska\u030atan.jpg&#8221; title_text=&#8221;Photo: Jon Erling Ska\u030atan&#8221; _builder_version=&#8221;4.9.0&#8243; _module_preset=&#8221;default&#8221;][\/et_pb_image][\/et_pb_column][\/et_pb_row][\/et_pb_section][et_pb_section fb_built=&#8221;1&#8243; module_class=&#8221;reveal_section&#8221; _builder_version=&#8221;4.9.0&#8243; custom_margin=&#8221;3vh||3vh||false|false&#8221; custom_padding=&#8221;0px||0px||false|false&#8221;][et_pb_row column_structure=&#8221;1_2,1_2&#8243; module_class=&#8221;custom_row&#8221; _builder_version=&#8221;4.9.0&#8243; _module_preset=&#8221;default&#8221; background_color=&#8221;#eceae9&#8243; width=&#8221;95%&#8221; max_width=&#8221;2560px&#8221; custom_margin=&#8221;0px||0px||false|false&#8221; custom_padding=&#8221;0px||0px||false|false&#8221;][et_pb_column type=&#8221;1_2&#8243; module_class=&#8221;second-on-mobile&#8221; _builder_version=&#8221;4.9.0&#8243; _module_preset=&#8221;default&#8221;][et_pb_text _builder_version=&#8221;4.9.0&#8243; _module_preset=&#8221;default&#8221; custom_padding=&#8221;3vh|3vw|3vh|3vw|false|false&#8221; hover_enabled=&#8221;0&#8243; sticky_enabled=&#8221;0&#8243;]<\/p>\n<h2>Past use of the area<\/h2>\n<p>Holmavass\u00e5no Biotope Protection Area is home to a large number of automatically protected cultural monuments, as well as more modern cultural heritage sites that have significant heritage value. This indicates that the area has long been important in connection with the hunting and trapping of wild reindeer. Sites dating back to the Stone Age have been recorded to the north of Sandvatnet lake, there are two pitfall traps in Naustdalen valley and another pitfall trap has been located in Sandvatnet lake. Several overhanging rock shelters that were in use from the end of the 18th century have also been recorded in the area. One of the most important routes between Telemark and Suldal also passed through the area. The road ran between Flothyl and Roalkvam and was frequently used until the end of the 19th century. In Naustdalen valley, visitors will also find the old foundations of a mountain lodge that Rogaland County built in the 1830s.<\/p>\n<p>[\/et_pb_text][\/et_pb_column][et_pb_column type=&#8221;1_2&#8243; module_class=&#8221;first-on-mobile&#8221; _builder_version=&#8221;4.9.0&#8243; _module_preset=&#8221;default&#8221;][et_pb_image src=&#8221;https:\/\/www.svr.no\/wp-content\/uploads\/2022\/04\/Gamal-ferdselsveg-Foto-SVR.jpg&#8221; title_text=&#8221;Photo: SVR&#8221; _builder_version=&#8221;4.9.0&#8243; _module_preset=&#8221;default&#8221;][\/et_pb_image][\/et_pb_column][\/et_pb_row][\/et_pb_section][et_pb_section fb_built=&#8221;1&#8243; module_class=&#8221;reveal_section&#8221; _builder_version=&#8221;4.9.0&#8243; custom_margin=&#8221;3vh||3vh||false|false&#8221; custom_padding=&#8221;0px||0px||false|false&#8221;][et_pb_row column_structure=&#8221;1_2,1_2&#8243; module_class=&#8221;custom_row&#8221; _builder_version=&#8221;4.9.0&#8243; _module_preset=&#8221;default&#8221; background_color=&#8221;#eceae9&#8243; width=&#8221;95%&#8221; max_width=&#8221;2560px&#8221; custom_margin=&#8221;0px||0px||false|false&#8221; custom_padding=&#8221;0px||0px||false|false&#8221;][et_pb_column type=&#8221;1_2&#8243; module_class=&#8221;second-on-mobile&#8221; _builder_version=&#8221;4.9.0&#8243; _module_preset=&#8221;default&#8221;][et_pb_text _builder_version=&#8221;4.9.0&#8243; _module_preset=&#8221;default&#8221; custom_padding=&#8221;3vh|3vw|3vh|3vw|false|false&#8221; hover_enabled=&#8221;0&#8243; sticky_enabled=&#8221;0&#8243;]<\/p>\n<h2>Current use<\/h2>\n<p>Holmavass\u00e5no is part of the Sandvass grazing area and has a 100 year old history connected to summer sheep grazing. Holmavass\u00e5no continues to be an important grazing area for sheep, and approximately 200-300 sheep and lambs grazed in the area in 2013.<\/p>\n<p>Stavanger Trekking Association\u2019s Holmevasshytta cabin is located at Fitjaflatene, approximately 1 km east of the protected border. From Holmevasshytta cabin, the trekking route runs through the protected area to Sandvatnet lake. An unmarked trail south to Sloaros also runs straight through the protected area. During winter, both the staked route between Sloaros and Holmavasshytta cabin and the one between<\/p>\n<p>Holmevasshytta cabin and Bleskestadmoen cross the ice that has formed on Holmavatnet lake. The latter trail runs further on through the protected area along the line of power lines and across the ice on Sandvatnet lake to Sandvassdammen. Holmevasshytta cabin has approximately 800 overnight stays a year, 500 of which are in the summer and 300 in the winter. There are approximately 700 overnight stays a year at Sloaros. In terms of tourist activity in 2019 at Holmavass\u00e5no, approximately 150-200 people hiked along the unmarked tourist trail in the summer, and approximately the same number followed the staked trail during the winter.<\/p>\n<p>Wild reindeer and small game hunting take place in the area, and visitors can fish with both rods and nets in Sandvatnet and Holmavatnet lakes.<\/p>\n<p>[\/et_pb_text][\/et_pb_column][et_pb_column type=&#8221;1_2&#8243; module_class=&#8221;first-on-mobile&#8221; _builder_version=&#8221;4.9.0&#8243; _module_preset=&#8221;default&#8221;][et_pb_image src=&#8221;https:\/\/www.svr.no\/wp-content\/uploads\/2022\/04\/Holmavassa\u030ano-biotopvernomra\u030ade2-Foto-SVR.jpg&#8221; title_text=&#8221;Photo: SVR&#8221; _builder_version=&#8221;4.9.0&#8243; _module_preset=&#8221;default&#8221;][\/et_pb_image][\/et_pb_column][\/et_pb_row][\/et_pb_section][et_pb_section fb_built=&#8221;1&#8243; module_class=&#8221;reveal_section&#8221; _builder_version=&#8221;4.9.0&#8243; custom_margin=&#8221;3vh||3vh||false|false&#8221; custom_padding=&#8221;0px||0px||false|false&#8221;][et_pb_row column_structure=&#8221;1_2,1_2&#8243; use_custom_gutter=&#8221;on&#8221; gutter_width=&#8221;1&#8243; make_equal=&#8221;on&#8221; module_class=&#8221;custom_row&#8221; _builder_version=&#8221;4.9.0&#8243; _module_preset=&#8221;default&#8221; width=&#8221;100%&#8221; max_width=&#8221;2560px&#8221; custom_margin=&#8221;0px||0px||false|false&#8221; custom_padding=&#8221;0px||0px||false|false&#8221; locked=&#8221;off&#8221; background__hover_enabled=&#8221;on|hover&#8221; background_color__hover=&#8221;&#8221; background_enable_color__hover=&#8221;off&#8221;][et_pb_column type=&#8221;1_2&#8243; module_class=&#8221;second-on-mobile&#8221; _builder_version=&#8221;4.9.0&#8243; _module_preset=&#8221;default&#8221;][et_pb_text _builder_version=&#8221;4.9.0&#8243; _module_preset=&#8221;default&#8221; text_font_size=&#8221;17px&#8221; custom_padding=&#8221;3vh|3vw|3vh|3vw|false|false&#8221;]<\/p>\n<h2>Sources and further reading<\/h2>\n<p><a href=\"https:\/\/lovdata.no\/dokument\/LF\/forskrift\/1997-09-26-1044?q=holmavass%C3%A5no\" target=\"_blank\" rel=\"noopener noreferrer\">Verneforskrift p\u00e5 Lovdata<\/a> <a href=\"https:\/\/www.nasjonalparkstyre.no\/uploads\/files_setesdal_vestehei_ryfylkeheiane_frafjordheiane\/Forvaltningsplan-for-Hovden.pdf\" target=\"_blank\" rel=\"noopener noreferrer\">Forvaltningsplan p\u00e5 verneomr\u00e5destyrets nettstad<\/a> <a href=\"https:\/\/www.nb.no\/items\/912308319bf55c4eab8cc04bef4c47d0?page=0&amp;searchText=\">Bakka, Tryggve (1997).\u00a0 Stadnamn, vegar og verksemd i Dyraheio. AmS-Varia 16 <\/a> <a href=\"https:\/\/uis.brage.unit.no\/uis-xmlui\/handle\/11250\/217946\">Bang-Andersen, Sveinung (1983).\u00a0 Kulturminner i Dyraheio. AmS-Varia 12 <\/a> <a href=\"https:\/\/uis.brage.unit.no\/uis-xmlui\/handle\/11250\/181464\">Bang- Andersen, Sveinung (2004). Reinsdyrgraver i Setesdal Vesthei \u2013 analyse av gravenes beliggenhet, byggem\u00e5te og brukshistorie. AmS-Varia\u00a0 40. Arkeologisk museum: Stavanger.<\/a> <a href=\"https:\/\/uis.brage.unit.no\/uis-xmlui\/handle\/11250\/220345\">Bang- Andersen, Sveinung (2008). De f\u00f8rste jegerne i Dyraheio \u2013 utnyttelsen av Setesdal Vesthei i steinalder ca 7000-3500 \u00e5r f\u00f8r n\u00e5tid. AmS-Varia\u00a0 48. Arkeologisk museum: Stavanger.<\/a> <a href=\"https:\/\/www.nasjonalparkstyre.no\/uploads\/files_setesdal_vestehei_ryfylkeheiane_frafjordheiane\/Verneplan-for-Kvanndalen-Dyraheio-Holmavassano.pdf\">Fylkesmannen i Rogaland (1993). Verneplan for Kvanndalen landskapsvernomr\u00e5de, Dyraheio landskapsvernomr\u00e5de og Holmavass\u00e5no biotopvernomr\u00e5de i Suldal kommune, Rogaland.<\/a> <a href=\"https:\/\/www.nasjonalparkstyre.no\/uploads\/files_setesdal_vestehei_ryfylkeheiane_frafjordheiane\/Endelig-rapport-Fagtema-villrein-RSK-mai-2020-1.pdf\">Norconsult (2019). R\u00f8ldal-Suldal reguleringen. Kartlegging av milj\u00f8- og brukerinteresser. Fagtema villrein.<\/a> <a href=\"https:\/\/www.nasjonalparkstyre.no\/uploads\/files_setesdal_vestehei_ryfylkeheiane_frafjordheiane\/SVR-Notat-1-2020-Villrein-og-ferdsel-i-Holmavassano-biotopvernomrade-og-tilgrensande-areal.pdf\">Odden, Alf (2020). Villrein og ferdsel i Holmavass\u00e5no biotopvernomr\u00e5de og tilgrensande areal. SVR-Notat 1-2020.<\/a> <a href=\"https:\/\/www.nasjonalparkstyre.no\/uploads\/files_setesdal_vestehei_ryfylkeheiane_frafjordheiane\/NINA-Rapport-694-Villreinens-bruk-av-Setesdalsheiene.pdf\">Strand, Olav m.fl (2012). Villreinens bruk av Setesdalsheiene. Sluttrapport fra GPS merkeprosjektet 2006\u20132010. NINA Rapport 694<\/a><\/p>\n<p>[\/et_pb_text][\/et_pb_column][et_pb_column type=&#8221;1_2&#8243; module_class=&#8221;first-on-mobile&#8221; _builder_version=&#8221;4.9.0&#8243; _module_preset=&#8221;default&#8221;][et_pb_text _builder_version=&#8221;4.9.0&#8243; _module_preset=&#8221;default&#8221; text_font_size=&#8221;17px&#8221; custom_padding=&#8221;3vh|3vw|3vh|3vw|false|false&#8221;][\/et_pb_text][\/et_pb_column][\/et_pb_row][\/et_pb_section]<\/p>\n","protected":false},"excerpt":{"rendered":"<p>The Holmavass\u00e5no Biotope Protection Area mainly covers the area between Sandvatnet lake and Holmavatnet lake, in the northeastern part of Suldal Municipality. The biotope protection area therefore acts as a link and a corridor between the Setesdal Vesthei \u2013 Ryfylkeheiane and Dyraheio protected landscapes in the south and in the east, and Kvanndalen Protected Landscape in the west. Holmavass\u00e5no was established in 1997 and has an area of 23 km\u00b2.<\/p>\n","protected":false},"author":176,"featured_media":0,"parent":1905,"menu_order":0,"comment_status":"closed","ping_status":"closed","template":"","meta":{"_et_pb_use_builder":"on","_et_pb_old_content":"","_et_gb_content_width":"","footnotes":""},"class_list":["post-1827","page","type-page","status-publish","hentry"],"yoast_head":"<!-- This site is optimized with the Yoast SEO plugin v27.5 - https:\/\/yoast.com\/product\/yoast-seo-wordpress\/ -->\n<title>Holmavass\u00e5no Biotope Protection Area &#8211; Setesdal Vesthei, Ryfylkeheiane og Frafjordheiane<\/title>\n<meta name=\"description\" content=\"Holmavass\u00e5no biotope protection area was protected in 1997 and is located in the north of Suldal municipality. Here you can read more about what Holmavass\u00e5no has to offer.\" \/>\n<meta name=\"robots\" content=\"index, follow, max-snippet:-1, max-image-preview:large, max-video-preview:-1\" \/>\n<link rel=\"canonical\" href=\"https:\/\/www.svr.no\/en\/about-the-protected-areas\/holmavassano-biotope-protection-area\/\" \/>\n<meta property=\"og:locale\" content=\"en_US\" \/>\n<meta property=\"og:type\" content=\"article\" \/>\n<meta property=\"og:title\" content=\"Holmavass\u00e5no Biotope Protection Area &#8211; Setesdal Vesthei, Ryfylkeheiane og Frafjordheiane\" \/>\n<meta property=\"og:description\" content=\"Holmavass\u00e5no biotope protection area was protected in 1997 and is located in the north of Suldal municipality. Here you can read more about what Holmavass\u00e5no has to offer.\" \/>\n<meta property=\"og:url\" content=\"https:\/\/www.svr.no\/en\/about-the-protected-areas\/holmavassano-biotope-protection-area\/\" \/>\n<meta property=\"og:site_name\" content=\"Setesdal Vesthei, Ryfylkeheiane og Frafjordheiane\" \/>\n<meta property=\"article:publisher\" content=\"https:\/\/www.facebook.com\/\" \/>\n<meta property=\"article:modified_time\" content=\"2023-07-26T07:12:57+00:00\" \/>\n<meta property=\"og:image\" content=\"https:\/\/www.svr.no\/wp-content\/uploads\/2022\/03\/Natursti-Ha\u030ahellervatn-Guro-Sodergren.jpg\" \/>\n\t<meta property=\"og:image:width\" content=\"1920\" \/>\n\t<meta property=\"og:image:height\" content=\"1350\" \/>\n\t<meta property=\"og:image:type\" content=\"image\/jpeg\" \/>\n<meta name=\"twitter:card\" content=\"summary_large_image\" \/>\n<meta name=\"twitter:label1\" content=\"Est. reading time\" \/>\n\t<meta name=\"twitter:data1\" content=\"8 minutes\" \/>\n<script type=\"application\/ld+json\" class=\"yoast-schema-graph\">{\"@context\":\"https:\\\/\\\/schema.org\",\"@graph\":[{\"@type\":\"WebPage\",\"@id\":\"https:\\\/\\\/www.svr.no\\\/en\\\/about-the-protected-areas\\\/holmavassano-biotope-protection-area\\\/\",\"url\":\"https:\\\/\\\/www.svr.no\\\/en\\\/about-the-protected-areas\\\/holmavassano-biotope-protection-area\\\/\",\"name\":\"Holmavass\u00e5no Biotope Protection Area &#8211; Setesdal Vesthei, Ryfylkeheiane og Frafjordheiane\",\"isPartOf\":{\"@id\":\"https:\\\/\\\/www.svr.no\\\/en\\\/#website\"},\"datePublished\":\"2022-08-20T17:53:31+00:00\",\"dateModified\":\"2023-07-26T07:12:57+00:00\",\"description\":\"Holmavass\u00e5no biotope protection area was protected in 1997 and is located in the north of Suldal municipality. Here you can read more about what Holmavass\u00e5no has to offer.\",\"breadcrumb\":{\"@id\":\"https:\\\/\\\/www.svr.no\\\/en\\\/about-the-protected-areas\\\/holmavassano-biotope-protection-area\\\/#breadcrumb\"},\"inLanguage\":\"en-US\",\"potentialAction\":[{\"@type\":\"ReadAction\",\"target\":[\"https:\\\/\\\/www.svr.no\\\/en\\\/about-the-protected-areas\\\/holmavassano-biotope-protection-area\\\/\"]}]},{\"@type\":\"BreadcrumbList\",\"@id\":\"https:\\\/\\\/www.svr.no\\\/en\\\/about-the-protected-areas\\\/holmavassano-biotope-protection-area\\\/#breadcrumb\",\"itemListElement\":[{\"@type\":\"ListItem\",\"position\":1,\"name\":\"Hjem\",\"item\":\"https:\\\/\\\/www.svr.no\\\/en\\\/\"},{\"@type\":\"ListItem\",\"position\":2,\"name\":\"About the protected areas\",\"item\":\"https:\\\/\\\/www.svr.no\\\/en\\\/about-the-protected-areas\\\/\"},{\"@type\":\"ListItem\",\"position\":3,\"name\":\"Holmavass\u00e5no Biotope Protection Area\"}]},{\"@type\":\"WebSite\",\"@id\":\"https:\\\/\\\/www.svr.no\\\/en\\\/#website\",\"url\":\"https:\\\/\\\/www.svr.no\\\/en\\\/\",\"name\":\"Setesdal Vesthei, Ryfylkeheiane og Frafjordheiane\",\"description\":\"\",\"publisher\":{\"@id\":\"https:\\\/\\\/www.svr.no\\\/en\\\/#organization\"},\"potentialAction\":[{\"@type\":\"SearchAction\",\"target\":{\"@type\":\"EntryPoint\",\"urlTemplate\":\"https:\\\/\\\/www.svr.no\\\/en\\\/?s={search_term_string}\"},\"query-input\":{\"@type\":\"PropertyValueSpecification\",\"valueRequired\":true,\"valueName\":\"search_term_string\"}}],\"inLanguage\":\"en-US\"},{\"@type\":\"Organization\",\"@id\":\"https:\\\/\\\/www.svr.no\\\/en\\\/#organization\",\"name\":\"Verneomr\u00e5da i Setesdal Vesthei, Ryfylkeheiane og Frafjordheiane\",\"url\":\"https:\\\/\\\/www.svr.no\\\/en\\\/\",\"logo\":{\"@type\":\"ImageObject\",\"inLanguage\":\"en-US\",\"@id\":\"https:\\\/\\\/www.svr.no\\\/en\\\/#\\\/schema\\\/logo\\\/image\\\/\",\"url\":\"https:\\\/\\\/www.svr.no\\\/wp-content\\\/uploads\\\/2022\\\/03\\\/NN_logo_VerneomraI\u0300S\u030cda_SVRF_sort.png\",\"contentUrl\":\"https:\\\/\\\/www.svr.no\\\/wp-content\\\/uploads\\\/2022\\\/03\\\/NN_logo_VerneomraI\u0300S\u030cda_SVRF_sort.png\",\"width\":2934,\"height\":1204,\"caption\":\"Verneomr\u00e5da i Setesdal Vesthei, Ryfylkeheiane og Frafjordheiane\"},\"image\":{\"@id\":\"https:\\\/\\\/www.svr.no\\\/en\\\/#\\\/schema\\\/logo\\\/image\\\/\"},\"sameAs\":[\"https:\\\/\\\/www.facebook.com\\\/\"]}]}<\/script>\n<!-- \/ Yoast SEO plugin. -->","yoast_head_json":{"title":"Holmavass\u00e5no Biotope Protection Area &#8211; Setesdal Vesthei, Ryfylkeheiane og Frafjordheiane","description":"Holmavass\u00e5no biotope protection area was protected in 1997 and is located in the north of Suldal municipality. Here you can read more about what Holmavass\u00e5no has to offer.","robots":{"index":"index","follow":"follow","max-snippet":"max-snippet:-1","max-image-preview":"max-image-preview:large","max-video-preview":"max-video-preview:-1"},"canonical":"https:\/\/www.svr.no\/en\/about-the-protected-areas\/holmavassano-biotope-protection-area\/","og_locale":"en_US","og_type":"article","og_title":"Holmavass\u00e5no Biotope Protection Area &#8211; Setesdal Vesthei, Ryfylkeheiane og Frafjordheiane","og_description":"Holmavass\u00e5no biotope protection area was protected in 1997 and is located in the north of Suldal municipality. Here you can read more about what Holmavass\u00e5no has to offer.","og_url":"https:\/\/www.svr.no\/en\/about-the-protected-areas\/holmavassano-biotope-protection-area\/","og_site_name":"Setesdal Vesthei, Ryfylkeheiane og Frafjordheiane","article_publisher":"https:\/\/www.facebook.com\/","article_modified_time":"2023-07-26T07:12:57+00:00","og_image":[{"width":1920,"height":1350,"url":"https:\/\/www.svr.no\/wp-content\/uploads\/2022\/03\/Natursti-Ha\u030ahellervatn-Guro-Sodergren.jpg","type":"image\/jpeg"}],"twitter_card":"summary_large_image","twitter_misc":{"Est. reading time":"8 minutes"},"schema":{"@context":"https:\/\/schema.org","@graph":[{"@type":"WebPage","@id":"https:\/\/www.svr.no\/en\/about-the-protected-areas\/holmavassano-biotope-protection-area\/","url":"https:\/\/www.svr.no\/en\/about-the-protected-areas\/holmavassano-biotope-protection-area\/","name":"Holmavass\u00e5no Biotope Protection Area &#8211; Setesdal Vesthei, Ryfylkeheiane og Frafjordheiane","isPartOf":{"@id":"https:\/\/www.svr.no\/en\/#website"},"datePublished":"2022-08-20T17:53:31+00:00","dateModified":"2023-07-26T07:12:57+00:00","description":"Holmavass\u00e5no biotope protection area was protected in 1997 and is located in the north of Suldal municipality. Here you can read more about what Holmavass\u00e5no has to offer.","breadcrumb":{"@id":"https:\/\/www.svr.no\/en\/about-the-protected-areas\/holmavassano-biotope-protection-area\/#breadcrumb"},"inLanguage":"en-US","potentialAction":[{"@type":"ReadAction","target":["https:\/\/www.svr.no\/en\/about-the-protected-areas\/holmavassano-biotope-protection-area\/"]}]},{"@type":"BreadcrumbList","@id":"https:\/\/www.svr.no\/en\/about-the-protected-areas\/holmavassano-biotope-protection-area\/#breadcrumb","itemListElement":[{"@type":"ListItem","position":1,"name":"Hjem","item":"https:\/\/www.svr.no\/en\/"},{"@type":"ListItem","position":2,"name":"About the protected areas","item":"https:\/\/www.svr.no\/en\/about-the-protected-areas\/"},{"@type":"ListItem","position":3,"name":"Holmavass\u00e5no Biotope Protection Area"}]},{"@type":"WebSite","@id":"https:\/\/www.svr.no\/en\/#website","url":"https:\/\/www.svr.no\/en\/","name":"Setesdal Vesthei, Ryfylkeheiane og Frafjordheiane","description":"","publisher":{"@id":"https:\/\/www.svr.no\/en\/#organization"},"potentialAction":[{"@type":"SearchAction","target":{"@type":"EntryPoint","urlTemplate":"https:\/\/www.svr.no\/en\/?s={search_term_string}"},"query-input":{"@type":"PropertyValueSpecification","valueRequired":true,"valueName":"search_term_string"}}],"inLanguage":"en-US"},{"@type":"Organization","@id":"https:\/\/www.svr.no\/en\/#organization","name":"Verneomr\u00e5da i Setesdal Vesthei, Ryfylkeheiane og Frafjordheiane","url":"https:\/\/www.svr.no\/en\/","logo":{"@type":"ImageObject","inLanguage":"en-US","@id":"https:\/\/www.svr.no\/en\/#\/schema\/logo\/image\/","url":"https:\/\/www.svr.no\/wp-content\/uploads\/2022\/03\/NN_logo_VerneomraI\u0300S\u030cda_SVRF_sort.png","contentUrl":"https:\/\/www.svr.no\/wp-content\/uploads\/2022\/03\/NN_logo_VerneomraI\u0300S\u030cda_SVRF_sort.png","width":2934,"height":1204,"caption":"Verneomr\u00e5da i Setesdal Vesthei, Ryfylkeheiane og Frafjordheiane"},"image":{"@id":"https:\/\/www.svr.no\/en\/#\/schema\/logo\/image\/"},"sameAs":["https:\/\/www.facebook.com\/"]}]}},"_links":{"self":[{"href":"https:\/\/www.svr.no\/en\/wp-json\/wp\/v2\/pages\/1827","targetHints":{"allow":["GET"]}}],"collection":[{"href":"https:\/\/www.svr.no\/en\/wp-json\/wp\/v2\/pages"}],"about":[{"href":"https:\/\/www.svr.no\/en\/wp-json\/wp\/v2\/types\/page"}],"author":[{"embeddable":true,"href":"https:\/\/www.svr.no\/en\/wp-json\/wp\/v2\/users\/176"}],"replies":[{"embeddable":true,"href":"https:\/\/www.svr.no\/en\/wp-json\/wp\/v2\/comments?post=1827"}],"version-history":[{"count":4,"href":"https:\/\/www.svr.no\/en\/wp-json\/wp\/v2\/pages\/1827\/revisions"}],"predecessor-version":[{"id":2224,"href":"https:\/\/www.svr.no\/en\/wp-json\/wp\/v2\/pages\/1827\/revisions\/2224"}],"up":[{"embeddable":true,"href":"https:\/\/www.svr.no\/en\/wp-json\/wp\/v2\/pages\/1905"}],"wp:attachment":[{"href":"https:\/\/www.svr.no\/en\/wp-json\/wp\/v2\/media?parent=1827"}],"curies":[{"name":"wp","href":"https:\/\/api.w.org\/{rel}","templated":true}]}}