{"id":1848,"date":"2022-08-20T21:02:46","date_gmt":"2022-08-20T19:02:46","guid":{"rendered":"https:\/\/www.svr.no\/nordraheia-nature-reserve\/"},"modified":"2023-12-14T08:19:18","modified_gmt":"2023-12-14T07:19:18","slug":"nordraheia-nature-reserve","status":"publish","type":"page","link":"https:\/\/www.svr.no\/en\/about-the-protected-areas\/nordraheia-nature-reserve\/","title":{"rendered":"Nordraheia Nature Reserve"},"content":{"rendered":"<p>[et_pb_section fb_built=&#8221;1&#8243; fullwidth=&#8221;on&#8221; _builder_version=&#8221;4.3.2&#8243; custom_css_main_element=&#8221;cursor: s-resize;&#8221;][et_pb_fullwidth_image src=&#8221;https:\/\/www.svr.no\/wp-content\/uploads\/2022\/04\/Nordraheia-Forside2-Foto-SVR.jpg&#8221; alt=&#8221;Mountain valley.&#8221; title_text=&#8221;Photo: SVR&#8221; _builder_version=&#8221;4.9.0&#8243;][\/et_pb_fullwidth_image][\/et_pb_section][et_pb_section fb_built=&#8221;1&#8243; module_class=&#8221;reveal_section&#8221; _builder_version=&#8221;4.9.0&#8243; custom_margin=&#8221;3vh||||false|false&#8221; custom_padding=&#8221;0px||0px||false|false&#8221;][et_pb_row column_structure=&#8221;1_2,1_2&#8243; module_class=&#8221;custom_row&#8221; _builder_version=&#8221;4.9.0&#8243; _module_preset=&#8221;default&#8221; background_color=&#8221;#eceae9&#8243; width=&#8221;95%&#8221; max_width=&#8221;2560px&#8221; custom_margin=&#8221;0px||0px||false|false&#8221; custom_padding=&#8221;0px||0px||false|false&#8221;][et_pb_column type=&#8221;1_2&#8243; module_class=&#8221;second-on-mobile&#8221; _builder_version=&#8221;4.9.0&#8243; _module_preset=&#8221;default&#8221;][et_pb_text _builder_version=&#8221;4.9.0&#8243; _module_preset=&#8221;default&#8221; custom_padding=&#8221;3vh|3vw|3vh|3vw|false|false&#8221; hover_enabled=&#8221;0&#8243; sticky_enabled=&#8221;0&#8243;]<\/p>\n<h2>Background for protection and threats<\/h2>\n<p>The protection objective of the nature reserve is to safeguard an area that represents a specific type of nature in the form of a large, contiguous forested area consisting of particularly nutrient-poor and moist coastal pine forest. The area also has elements of old pine forests, and deciduous tees growing on richer ground including large, old pollarded ash trees. Currently, there are no major threats to the heritage values at Nordraheia.<\/p>\n<p>[\/et_pb_text][\/et_pb_column][et_pb_column type=&#8221;1_2&#8243; module_class=&#8221;first-on-mobile&#8221; _builder_version=&#8221;4.9.0&#8243; _module_preset=&#8221;default&#8221;][et_pb_code _builder_version=&#8221;4.9.0&#8243; _module_preset=&#8221;default&#8221;]<pee><iframe loading=\"lazy\" title=\"Milj\u00f8kart\" src=\"https:\/\/miljoatlas.miljodirektoratet.no\/KlientMini.htm?lang=no&#038;extent=-2279|6598500|24803|6610936&#038;layers=385:100;387:100;363:100;&#038;basemap=KART&#038;opacity=60&#038;saturation=100&#038;mappin=-6101|6556306\" width=\"980px\" height=\"550px\" frameborder=\"0\" scrolling=\"no\"> Din nettleser st\u00f8tter ikke Iframe \u2013 <a href=\"https:\/\/miljoatlas.miljodirektoratet.no\/iFrameSupport.htm?lang=no&#038;extent=-2279|6598500|24803|6610936&#038;layers=385:100;387:100;363:100;&#038;basemap=KART&#038;opacity=60&#038;saturation=100&#038;mappin=-6101|6556306\" target=\"_new\" rel=\"noopener\"> Klikk her for \u00e5 \u00e5pne interaktivt kart<\/a> <\/iframe><\/pee>[\/et_pb_code][\/et_pb_column][\/et_pb_row][\/et_pb_section][et_pb_section fb_built=&#8221;1&#8243; module_class=&#8221;reveal_section&#8221; _builder_version=&#8221;4.9.0&#8243; custom_margin=&#8221;3vh||||false|false&#8221; custom_padding=&#8221;0px||0px||false|false&#8221; locked=&#8221;off&#8221;][et_pb_row column_structure=&#8221;1_2,1_2&#8243; module_class=&#8221;custom_row&#8221; _builder_version=&#8221;4.9.0&#8243; _module_preset=&#8221;default&#8221; background_color=&#8221;#eceae9&#8243; width=&#8221;95%&#8221; max_width=&#8221;2560px&#8221; custom_margin=&#8221;0px||0px||false|false&#8221; custom_padding=&#8221;0px||0px||false|false&#8221;][et_pb_column type=&#8221;1_2&#8243; module_class=&#8221;second-on-mobile&#8221; _builder_version=&#8221;4.9.0&#8243; _module_preset=&#8221;default&#8221;][et_pb_text _builder_version=&#8221;4.9.0&#8243; _module_preset=&#8221;default&#8221; custom_padding=&#8221;3vh|3vw|3vh|3vw|false|false&#8221;]<\/p>\n<h2>Plant life and wildlife<\/h2>\n<p>The vegetation at Nordraheia consists mainly of types of vegetation that do not require a lot of nutrients. Pine and birch are the dominant species of tree, where the birch trees prefer to grow lower down the hillsides and the pine trees grow in the higher lying areas. In addition, a few rowan and aspen trees are scattered around the area. The dominating type of vegetation is blueberry forest that transitions into heather and bog bilberry pine forest in places. Down towards J\u00f8senfjorden, there are some small areas of deciduous forest where ash is the most common species of tree. Birds such as white-backed woodpeckers, capercaillies, eagle owls and white-tailed eagles nest at Nordraheia. There are also populations of moose and red deer.<\/p>\n<p>[\/et_pb_text][\/et_pb_column][et_pb_column type=&#8221;1_2&#8243; module_class=&#8221;first-on-mobile&#8221; _builder_version=&#8221;4.9.0&#8243; _module_preset=&#8221;default&#8221;][et_pb_image src=&#8221;https:\/\/www.svr.no\/wp-content\/uploads\/2022\/04\/Furuskog-Foto-SVR.jpg&#8221; title_text=&#8221;Photo: SVR&#8221; _builder_version=&#8221;4.9.0&#8243; _module_preset=&#8221;default&#8221;][\/et_pb_image][\/et_pb_column][\/et_pb_row][\/et_pb_section][et_pb_section fb_built=&#8221;1&#8243; module_class=&#8221;reveal_section&#8221; _builder_version=&#8221;4.9.0&#8243; custom_margin=&#8221;3vh||3vh||false|false&#8221; custom_padding=&#8221;0px||0px||false|false&#8221;][et_pb_row column_structure=&#8221;1_2,1_2&#8243; module_class=&#8221;custom_row&#8221; _builder_version=&#8221;4.9.0&#8243; _module_preset=&#8221;default&#8221; background_color=&#8221;#eceae9&#8243; width=&#8221;95%&#8221; max_width=&#8221;2560px&#8221; custom_margin=&#8221;0px||0px||false|false&#8221; custom_padding=&#8221;0px||0px||false|false&#8221;][et_pb_column type=&#8221;1_2&#8243; module_class=&#8221;second-on-mobile&#8221; _builder_version=&#8221;4.9.0&#8243; _module_preset=&#8221;default&#8221;][et_pb_text _builder_version=&#8221;4.9.0&#8243; _module_preset=&#8221;default&#8221; custom_padding=&#8221;3vh|3vw|3vh|3vw|false|false&#8221;]<\/p>\n<h2>Past use of the area<\/h2>\n<p>There are many cultural traces left behind from early settlement, grazing, forestry and net fishing at Nordraheia. The crofter\u2019s farms at G\u00e5snes, Galgehaugen and F\u00f8lekammane were active in the 19th century and are located on the hillside above J\u00f8senfjorden. Visitors can still see the old foundations of these farms at G\u00e5snes and F\u00f8lekammane. The crofter\u2019s farms at Holmen and Sandvika were located on the north side of Fundingslandsvatnet lake. There are still some pollarded ash and elm trees down by the shores of J\u00f8senfjorden that are evidence of locals harvesting leaves for animal fodder.<\/p>\n<p>[\/et_pb_text][\/et_pb_column][et_pb_column type=&#8221;1_2&#8243; module_class=&#8221;first-on-mobile&#8221; _builder_version=&#8221;4.9.0&#8243; _module_preset=&#8221;default&#8221;][et_pb_image src=&#8221;https:\/\/www.svr.no\/wp-content\/uploads\/2022\/04\/Nordraheia3-Foto-SVR.jpg&#8221; title_text=&#8221;Photo: SVR&#8221; _builder_version=&#8221;4.9.0&#8243; _module_preset=&#8221;default&#8221;][\/et_pb_image][\/et_pb_column][\/et_pb_row][\/et_pb_section][et_pb_section fb_built=&#8221;1&#8243; module_class=&#8221;reveal_section&#8221; _builder_version=&#8221;4.9.0&#8243; custom_margin=&#8221;3vh||3vh||false|false&#8221; custom_padding=&#8221;0px||0px||false|false&#8221;][et_pb_row column_structure=&#8221;1_2,1_2&#8243; module_class=&#8221;custom_row&#8221; _builder_version=&#8221;4.9.0&#8243; _module_preset=&#8221;default&#8221; background_color=&#8221;#eceae9&#8243; width=&#8221;95%&#8221; max_width=&#8221;2560px&#8221; custom_margin=&#8221;0px||0px||false|false&#8221; custom_padding=&#8221;0px||0px||false|false&#8221;][et_pb_column type=&#8221;1_2&#8243; module_class=&#8221;second-on-mobile&#8221; _builder_version=&#8221;4.9.0&#8243; _module_preset=&#8221;default&#8221;][et_pb_text _builder_version=&#8221;4.9.0&#8243; _module_preset=&#8221;default&#8221; custom_padding=&#8221;3vh|3vw|3vh|3vw|false|false&#8221;]<\/p>\n<h2>Current use<\/h2>\n<p>Today, Nordraheia gets very few visitors, and the majority of those that do come are there to go on hikes or to pick berries. Some of the old netting sites can be found down by J\u00f8senfjorden and are still in use.<\/p>\n<p>[\/et_pb_text][\/et_pb_column][et_pb_column type=&#8221;1_2&#8243; module_class=&#8221;first-on-mobile&#8221; _builder_version=&#8221;4.9.0&#8243; _module_preset=&#8221;default&#8221;][et_pb_image src=&#8221;https:\/\/www.svr.no\/wp-content\/uploads\/2022\/04\/Nordraheia2-Foto-SVR.jpg&#8221; title_text=&#8221;Photo: SVR&#8221; _builder_version=&#8221;4.9.0&#8243; _module_preset=&#8221;default&#8221;][\/et_pb_image][\/et_pb_column][\/et_pb_row][\/et_pb_section][et_pb_section fb_built=&#8221;1&#8243; module_class=&#8221;reveal_section&#8221; _builder_version=&#8221;4.9.0&#8243; custom_margin=&#8221;3vh||3vh||false|false&#8221; custom_padding=&#8221;0px||0px||false|false&#8221;][et_pb_row column_structure=&#8221;1_2,1_2&#8243; use_custom_gutter=&#8221;on&#8221; gutter_width=&#8221;1&#8243; make_equal=&#8221;on&#8221; module_class=&#8221;custom_row&#8221; _builder_version=&#8221;4.9.0&#8243; _module_preset=&#8221;default&#8221; width=&#8221;100%&#8221; max_width=&#8221;2560px&#8221; custom_margin=&#8221;0px||0px||false|false&#8221; custom_padding=&#8221;0px||0px||false|false&#8221; locked=&#8221;off&#8221; background__hover_enabled=&#8221;on|hover&#8221; background_color__hover=&#8221;&#8221; background_enable_color__hover=&#8221;off&#8221;][et_pb_column type=&#8221;1_2&#8243; module_class=&#8221;second-on-mobile&#8221; _builder_version=&#8221;4.9.0&#8243; _module_preset=&#8221;default&#8221;][et_pb_text _builder_version=&#8221;4.9.0&#8243; _module_preset=&#8221;default&#8221; text_font_size=&#8221;17px&#8221; custom_padding=&#8221;3vh|3vw|3vh|3vw|false|false&#8221;]<\/p>\n<h2>Sources and further reading<\/h2>\n<p><a href=\"https:\/\/lovdata.no\/dokument\/LF\/forskrift\/2019-12-06-1854?q=nordraheia\" target=\"_blank\" rel=\"noopener noreferrer\">Verneforskrift p\u00e5 Lovdata<\/a> Appelgren L.\u00a0 2017. Naturverdier for lokalitet Bulia, registrert i forbindelse med prosjekt Kystfuruskog 2016. NaRIN faktaark. BioFokus. <a href=\"https:\/\/www.nasjonalparkstyre.no\/uploads\/files_setesdal_vestehei_ryfylkeheiane_frafjordheiane\/Bekkekloftprosjektet-2008-Hjelmeland.pdf\">Ihlen, P.G &amp; Blom, H.H. 2008. Bekkekl\u00f8ftprosjektet \u2013 Naturfaglige registreringer i Rogaland 2008: Hjelmeland kommune. R\u00e5dgivene biologer AS.<\/a> <a href=\"https:\/\/www.nasjonalparkstyre.no\/uploads\/files_setesdal_vestehei_ryfylkeheiane_frafjordheiane\/Ecofact-Rapport_frivillig_vern_Funningsland_2016.pdf\">Str\u00f8m, K.B., Appelgren, L., Tysse, T. &amp; Oddane, B. 2016. Naturfaglige registreringer i skog 2016. Frivillig vern \u2013 Funningsland. Ecofact rapport 574.<\/a><\/p>\n<p>[\/et_pb_text][\/et_pb_column][et_pb_column type=&#8221;1_2&#8243; module_class=&#8221;first-on-mobile&#8221; _builder_version=&#8221;4.9.0&#8243; _module_preset=&#8221;default&#8221;][et_pb_text _builder_version=&#8221;4.9.0&#8243; _module_preset=&#8221;default&#8221; text_font_size=&#8221;17px&#8221; custom_padding=&#8221;3vh|3vw|3vh|3vw|false|false&#8221;][\/et_pb_text][\/et_pb_column][\/et_pb_row][\/et_pb_section]<\/p>\n","protected":false},"excerpt":{"rendered":"<p>At Nordraheia, visitors will find a diverse forested area with almost no technical encroachments. The protected area is located on the southern side of J\u00f8senfjorden in Hjelmeland Municipality, and stretches from the fjord up over Nordraheia towards Kaldavatnet lake. Reinsrumpa is the highest point at 693 meters above sea level. The protected area was first established in 1999 and given the name Nordst\u00f8lhei Nature Reserve. In 2019, the protected area was expanded towards the east and included parts of Vormedalsheia Protected Landscape. As a result, it changed its name to Nordraheia Nature Reserve. The protected area has a combined area of 17.8 km\u00b2.<\/p>\n","protected":false},"author":176,"featured_media":0,"parent":1905,"menu_order":0,"comment_status":"closed","ping_status":"closed","template":"","meta":{"_et_pb_use_builder":"on","_et_pb_old_content":"","_et_gb_content_width":"","footnotes":""},"class_list":["post-1848","page","type-page","status-publish","hentry"],"yoast_head":"<!-- This site is optimized with the Yoast SEO plugin v27.3 - https:\/\/yoast.com\/product\/yoast-seo-wordpress\/ -->\n<title>Nordraheia Nature Reserve &#8211; Setesdal Vesthei, Ryfylkeheiane og Frafjordheiane<\/title>\n<meta name=\"description\" content=\"Nordraheia nature reserve was protected in 1999 and is located in Hjelmeland municipality. Here you can read more about what Nordraheia has to offer.\" \/>\n<meta name=\"robots\" content=\"index, follow, max-snippet:-1, max-image-preview:large, max-video-preview:-1\" \/>\n<link rel=\"canonical\" href=\"https:\/\/www.svr.no\/en\/about-the-protected-areas\/nordraheia-nature-reserve\/\" \/>\n<meta property=\"og:locale\" content=\"en_US\" \/>\n<meta property=\"og:type\" content=\"article\" \/>\n<meta property=\"og:title\" content=\"Nordraheia Nature Reserve &#8211; Setesdal Vesthei, Ryfylkeheiane og Frafjordheiane\" \/>\n<meta property=\"og:description\" content=\"Nordraheia nature reserve was protected in 1999 and is located in Hjelmeland municipality. Here you can read more about what Nordraheia has to offer.\" \/>\n<meta property=\"og:url\" content=\"https:\/\/www.svr.no\/en\/about-the-protected-areas\/nordraheia-nature-reserve\/\" \/>\n<meta property=\"og:site_name\" content=\"Setesdal Vesthei, Ryfylkeheiane og Frafjordheiane\" \/>\n<meta property=\"article:publisher\" content=\"https:\/\/www.facebook.com\/\" \/>\n<meta property=\"article:modified_time\" content=\"2023-12-14T07:19:18+00:00\" \/>\n<meta property=\"og:image\" content=\"https:\/\/www.svr.no\/wp-content\/uploads\/2022\/03\/Natursti-Ha\u030ahellervatn-Guro-Sodergren.jpg\" \/>\n\t<meta property=\"og:image:width\" content=\"1920\" \/>\n\t<meta property=\"og:image:height\" content=\"1350\" \/>\n\t<meta property=\"og:image:type\" content=\"image\/jpeg\" \/>\n<meta name=\"twitter:card\" content=\"summary_large_image\" \/>\n<meta name=\"twitter:label1\" content=\"Est. reading time\" \/>\n\t<meta name=\"twitter:data1\" content=\"6 minutes\" \/>\n<script type=\"application\/ld+json\" class=\"yoast-schema-graph\">{\"@context\":\"https:\\\/\\\/schema.org\",\"@graph\":[{\"@type\":\"WebPage\",\"@id\":\"https:\\\/\\\/www.svr.no\\\/en\\\/about-the-protected-areas\\\/nordraheia-nature-reserve\\\/\",\"url\":\"https:\\\/\\\/www.svr.no\\\/en\\\/about-the-protected-areas\\\/nordraheia-nature-reserve\\\/\",\"name\":\"Nordraheia Nature Reserve &#8211; Setesdal Vesthei, Ryfylkeheiane og Frafjordheiane\",\"isPartOf\":{\"@id\":\"https:\\\/\\\/www.svr.no\\\/en\\\/#website\"},\"datePublished\":\"2022-08-20T19:02:46+00:00\",\"dateModified\":\"2023-12-14T07:19:18+00:00\",\"description\":\"Nordraheia nature reserve was protected in 1999 and is located in Hjelmeland municipality. Here you can read more about what Nordraheia has to offer.\",\"breadcrumb\":{\"@id\":\"https:\\\/\\\/www.svr.no\\\/en\\\/about-the-protected-areas\\\/nordraheia-nature-reserve\\\/#breadcrumb\"},\"inLanguage\":\"en-US\",\"potentialAction\":[{\"@type\":\"ReadAction\",\"target\":[\"https:\\\/\\\/www.svr.no\\\/en\\\/about-the-protected-areas\\\/nordraheia-nature-reserve\\\/\"]}]},{\"@type\":\"BreadcrumbList\",\"@id\":\"https:\\\/\\\/www.svr.no\\\/en\\\/about-the-protected-areas\\\/nordraheia-nature-reserve\\\/#breadcrumb\",\"itemListElement\":[{\"@type\":\"ListItem\",\"position\":1,\"name\":\"Hjem\",\"item\":\"https:\\\/\\\/www.svr.no\\\/en\\\/\"},{\"@type\":\"ListItem\",\"position\":2,\"name\":\"About the protected areas\",\"item\":\"https:\\\/\\\/www.svr.no\\\/en\\\/about-the-protected-areas\\\/\"},{\"@type\":\"ListItem\",\"position\":3,\"name\":\"Nordraheia Nature Reserve\"}]},{\"@type\":\"WebSite\",\"@id\":\"https:\\\/\\\/www.svr.no\\\/en\\\/#website\",\"url\":\"https:\\\/\\\/www.svr.no\\\/en\\\/\",\"name\":\"Setesdal Vesthei, Ryfylkeheiane og Frafjordheiane\",\"description\":\"\",\"publisher\":{\"@id\":\"https:\\\/\\\/www.svr.no\\\/en\\\/#organization\"},\"potentialAction\":[{\"@type\":\"SearchAction\",\"target\":{\"@type\":\"EntryPoint\",\"urlTemplate\":\"https:\\\/\\\/www.svr.no\\\/en\\\/?s={search_term_string}\"},\"query-input\":{\"@type\":\"PropertyValueSpecification\",\"valueRequired\":true,\"valueName\":\"search_term_string\"}}],\"inLanguage\":\"en-US\"},{\"@type\":\"Organization\",\"@id\":\"https:\\\/\\\/www.svr.no\\\/en\\\/#organization\",\"name\":\"Verneomr\u00e5da i Setesdal Vesthei, Ryfylkeheiane og Frafjordheiane\",\"url\":\"https:\\\/\\\/www.svr.no\\\/en\\\/\",\"logo\":{\"@type\":\"ImageObject\",\"inLanguage\":\"en-US\",\"@id\":\"https:\\\/\\\/www.svr.no\\\/en\\\/#\\\/schema\\\/logo\\\/image\\\/\",\"url\":\"https:\\\/\\\/www.svr.no\\\/wp-content\\\/uploads\\\/2022\\\/03\\\/NN_logo_VerneomraI\u0300S\u030cda_SVRF_sort.png\",\"contentUrl\":\"https:\\\/\\\/www.svr.no\\\/wp-content\\\/uploads\\\/2022\\\/03\\\/NN_logo_VerneomraI\u0300S\u030cda_SVRF_sort.png\",\"width\":2934,\"height\":1204,\"caption\":\"Verneomr\u00e5da i Setesdal Vesthei, Ryfylkeheiane og Frafjordheiane\"},\"image\":{\"@id\":\"https:\\\/\\\/www.svr.no\\\/en\\\/#\\\/schema\\\/logo\\\/image\\\/\"},\"sameAs\":[\"https:\\\/\\\/www.facebook.com\\\/\"]}]}<\/script>\n<!-- \/ Yoast SEO plugin. -->","yoast_head_json":{"title":"Nordraheia Nature Reserve &#8211; Setesdal Vesthei, Ryfylkeheiane og Frafjordheiane","description":"Nordraheia nature reserve was protected in 1999 and is located in Hjelmeland municipality. Here you can read more about what Nordraheia has to offer.","robots":{"index":"index","follow":"follow","max-snippet":"max-snippet:-1","max-image-preview":"max-image-preview:large","max-video-preview":"max-video-preview:-1"},"canonical":"https:\/\/www.svr.no\/en\/about-the-protected-areas\/nordraheia-nature-reserve\/","og_locale":"en_US","og_type":"article","og_title":"Nordraheia Nature Reserve &#8211; Setesdal Vesthei, Ryfylkeheiane og Frafjordheiane","og_description":"Nordraheia nature reserve was protected in 1999 and is located in Hjelmeland municipality. Here you can read more about what Nordraheia has to offer.","og_url":"https:\/\/www.svr.no\/en\/about-the-protected-areas\/nordraheia-nature-reserve\/","og_site_name":"Setesdal Vesthei, Ryfylkeheiane og Frafjordheiane","article_publisher":"https:\/\/www.facebook.com\/","article_modified_time":"2023-12-14T07:19:18+00:00","og_image":[{"width":1920,"height":1350,"url":"https:\/\/www.svr.no\/wp-content\/uploads\/2022\/03\/Natursti-Ha\u030ahellervatn-Guro-Sodergren.jpg","type":"image\/jpeg"}],"twitter_card":"summary_large_image","twitter_misc":{"Est. reading time":"6 minutes"},"schema":{"@context":"https:\/\/schema.org","@graph":[{"@type":"WebPage","@id":"https:\/\/www.svr.no\/en\/about-the-protected-areas\/nordraheia-nature-reserve\/","url":"https:\/\/www.svr.no\/en\/about-the-protected-areas\/nordraheia-nature-reserve\/","name":"Nordraheia Nature Reserve &#8211; Setesdal Vesthei, Ryfylkeheiane og Frafjordheiane","isPartOf":{"@id":"https:\/\/www.svr.no\/en\/#website"},"datePublished":"2022-08-20T19:02:46+00:00","dateModified":"2023-12-14T07:19:18+00:00","description":"Nordraheia nature reserve was protected in 1999 and is located in Hjelmeland municipality. Here you can read more about what Nordraheia has to offer.","breadcrumb":{"@id":"https:\/\/www.svr.no\/en\/about-the-protected-areas\/nordraheia-nature-reserve\/#breadcrumb"},"inLanguage":"en-US","potentialAction":[{"@type":"ReadAction","target":["https:\/\/www.svr.no\/en\/about-the-protected-areas\/nordraheia-nature-reserve\/"]}]},{"@type":"BreadcrumbList","@id":"https:\/\/www.svr.no\/en\/about-the-protected-areas\/nordraheia-nature-reserve\/#breadcrumb","itemListElement":[{"@type":"ListItem","position":1,"name":"Hjem","item":"https:\/\/www.svr.no\/en\/"},{"@type":"ListItem","position":2,"name":"About the protected areas","item":"https:\/\/www.svr.no\/en\/about-the-protected-areas\/"},{"@type":"ListItem","position":3,"name":"Nordraheia Nature Reserve"}]},{"@type":"WebSite","@id":"https:\/\/www.svr.no\/en\/#website","url":"https:\/\/www.svr.no\/en\/","name":"Setesdal Vesthei, Ryfylkeheiane og Frafjordheiane","description":"","publisher":{"@id":"https:\/\/www.svr.no\/en\/#organization"},"potentialAction":[{"@type":"SearchAction","target":{"@type":"EntryPoint","urlTemplate":"https:\/\/www.svr.no\/en\/?s={search_term_string}"},"query-input":{"@type":"PropertyValueSpecification","valueRequired":true,"valueName":"search_term_string"}}],"inLanguage":"en-US"},{"@type":"Organization","@id":"https:\/\/www.svr.no\/en\/#organization","name":"Verneomr\u00e5da i Setesdal Vesthei, Ryfylkeheiane og Frafjordheiane","url":"https:\/\/www.svr.no\/en\/","logo":{"@type":"ImageObject","inLanguage":"en-US","@id":"https:\/\/www.svr.no\/en\/#\/schema\/logo\/image\/","url":"https:\/\/www.svr.no\/wp-content\/uploads\/2022\/03\/NN_logo_VerneomraI\u0300S\u030cda_SVRF_sort.png","contentUrl":"https:\/\/www.svr.no\/wp-content\/uploads\/2022\/03\/NN_logo_VerneomraI\u0300S\u030cda_SVRF_sort.png","width":2934,"height":1204,"caption":"Verneomr\u00e5da i Setesdal Vesthei, Ryfylkeheiane og Frafjordheiane"},"image":{"@id":"https:\/\/www.svr.no\/en\/#\/schema\/logo\/image\/"},"sameAs":["https:\/\/www.facebook.com\/"]}]}},"_links":{"self":[{"href":"https:\/\/www.svr.no\/en\/wp-json\/wp\/v2\/pages\/1848","targetHints":{"allow":["GET"]}}],"collection":[{"href":"https:\/\/www.svr.no\/en\/wp-json\/wp\/v2\/pages"}],"about":[{"href":"https:\/\/www.svr.no\/en\/wp-json\/wp\/v2\/types\/page"}],"author":[{"embeddable":true,"href":"https:\/\/www.svr.no\/en\/wp-json\/wp\/v2\/users\/176"}],"replies":[{"embeddable":true,"href":"https:\/\/www.svr.no\/en\/wp-json\/wp\/v2\/comments?post=1848"}],"version-history":[{"count":6,"href":"https:\/\/www.svr.no\/en\/wp-json\/wp\/v2\/pages\/1848\/revisions"}],"predecessor-version":[{"id":2430,"href":"https:\/\/www.svr.no\/en\/wp-json\/wp\/v2\/pages\/1848\/revisions\/2430"}],"up":[{"embeddable":true,"href":"https:\/\/www.svr.no\/en\/wp-json\/wp\/v2\/pages\/1905"}],"wp:attachment":[{"href":"https:\/\/www.svr.no\/en\/wp-json\/wp\/v2\/media?parent=1848"}],"curies":[{"name":"wp","href":"https:\/\/api.w.org\/{rel}","templated":true}]}}