{"id":1854,"date":"2022-08-20T21:07:47","date_gmt":"2022-08-20T19:07:47","guid":{"rendered":"https:\/\/www.svr.no\/ljosadalen-nature-reserve\/"},"modified":"2023-12-14T08:21:03","modified_gmt":"2023-12-14T07:21:03","slug":"ljosadalen-nature-reserve","status":"publish","type":"page","link":"https:\/\/www.svr.no\/en\/about-the-protected-areas\/ljosadalen-nature-reserve\/","title":{"rendered":"Ljos\u00e5dalen Nature Reserve"},"content":{"rendered":"<p>[et_pb_section fb_built=&#8221;1&#8243; fullwidth=&#8221;on&#8221; _builder_version=&#8221;4.3.2&#8243; custom_css_main_element=&#8221;cursor: s-resize;&#8221;][et_pb_fullwidth_image src=&#8221;https:\/\/www.svr.no\/wp-content\/uploads\/2022\/04\/Forside2-Fra\u030a-Ljosa\u030adalen-Foto-Statsforvalteren-i-Agder.jpg&#8221; alt=&#8221;Mountain valley.&#8221; title_text=&#8221;Photo: Statsforvalteren i Agder&#8221; _builder_version=&#8221;4.9.0&#8243;][\/et_pb_fullwidth_image][\/et_pb_section][et_pb_section fb_built=&#8221;1&#8243; module_class=&#8221;reveal_section&#8221; _builder_version=&#8221;4.9.0&#8243; custom_margin=&#8221;3vh||||false|false&#8221; custom_padding=&#8221;0px||0px||false|false&#8221;][et_pb_row column_structure=&#8221;1_2,1_2&#8243; module_class=&#8221;custom_row&#8221; _builder_version=&#8221;4.9.0&#8243; _module_preset=&#8221;default&#8221; background_color=&#8221;#eceae9&#8243; width=&#8221;95%&#8221; max_width=&#8221;2560px&#8221; custom_margin=&#8221;0px||0px||false|false&#8221; custom_padding=&#8221;0px||0px||false|false&#8221;][et_pb_column type=&#8221;1_2&#8243; module_class=&#8221;second-on-mobile&#8221; _builder_version=&#8221;4.9.0&#8243; _module_preset=&#8221;default&#8221;][et_pb_text _builder_version=&#8221;4.9.0&#8243; _module_preset=&#8221;default&#8221; custom_padding=&#8221;3vh|3vw|3vh|3vw|false|false&#8221; hover_enabled=&#8221;0&#8243; sticky_enabled=&#8221;0&#8243;]<\/p>\n<h2>Background for protection and threats<\/h2>\n<p>Ljos\u00e5dalen Nature Reserve was protected to safeguard a large and well-defined forest and moorland area that contains a dense population of old pine trees, and to safeguard a particularly important calving area for wild reindeer in Setesdal Vesthei. The nature reserve consists of almost all types of forest that represent the inner parts of former Aust-Agder County. These include old aspen forest and old pine trees that are particularly important regarding biodiversity associated with the nature reserve. An objective is to preserve the area\u2019s heritage values in the best possible condition, and develop them further if possible. In order to protect the wild reindeer and the calving grounds, all traffic\/visits to Ljos\u00e5dalen are prohibited from 25 April to 31 May. Felling trees or cutting branches for firewood is prohibited in the nature reserve. However, using dry twigs\/branches that have fallen is permitted. Picking berries and mushrooms is permitted but visitors are not allowed to move plants. <a href=\"https:\/\/www.svr.no\/wp-content\/uploads\/2021\/08\/Oversiktskart-210812.pdf\" target=\"_blank\" rel=\"noopener noreferrer\">Map with traffic\/travel restrictions (PDF)<\/a><\/p>\n<p>[\/et_pb_text][\/et_pb_column][et_pb_column type=&#8221;1_2&#8243; module_class=&#8221;first-on-mobile&#8221; _builder_version=&#8221;4.9.0&#8243; _module_preset=&#8221;default&#8221;][et_pb_code _builder_version=&#8221;4.9.0&#8243; _module_preset=&#8221;default&#8221;]<pee><iframe loading=\"lazy\" title=\"Milj\u00f8kart\" src=\"https:\/\/miljoatlas.miljodirektoratet.no\/KlientMini.htm?lang=no&#038;extent=45121|6589174|72204|6601609&#038;layers=385:100;387:100;363:100;&#038;basemap=KART&#038;opacity=60&#038;saturation=100&#038;mappin=-6101|6556306\" width=\"980px\" height=\"550px\" frameborder=\"0\" scrolling=\"no\"> Din nettleser st\u00f8tter ikke Iframe \u2013 <a href=\"https:\/\/miljoatlas.miljodirektoratet.no\/iFrameSupport.htm?lang=no&#038;extent=45121|6589174|72204|6601609&#038;layers=385:100;387:100;363:100;&#038;basemap=KART&#038;opacity=60&#038;saturation=100&#038;mappin=-6101|6556306\" target=\"_new\" rel=\"noopener\"> Klikk her for \u00e5 \u00e5pne interaktivt kart<\/a> <\/iframe><\/pee>[\/et_pb_code][\/et_pb_column][\/et_pb_row][\/et_pb_section][et_pb_section fb_built=&#8221;1&#8243; module_class=&#8221;reveal_section&#8221; _builder_version=&#8221;4.9.0&#8243; custom_margin=&#8221;3vh||||false|false&#8221; custom_padding=&#8221;0px||0px||false|false&#8221; locked=&#8221;off&#8221;][et_pb_row column_structure=&#8221;1_2,1_2&#8243; module_class=&#8221;custom_row&#8221; _builder_version=&#8221;4.9.0&#8243; _module_preset=&#8221;default&#8221; background_color=&#8221;#eceae9&#8243; width=&#8221;95%&#8221; max_width=&#8221;2560px&#8221; custom_margin=&#8221;0px||0px||false|false&#8221; custom_padding=&#8221;0px||0px||false|false&#8221;][et_pb_column type=&#8221;1_2&#8243; module_class=&#8221;second-on-mobile&#8221; _builder_version=&#8221;4.9.0&#8243; _module_preset=&#8221;default&#8221;][et_pb_text _builder_version=&#8221;4.9.0&#8243; _module_preset=&#8221;default&#8221; custom_padding=&#8221;3vh|3vw|0vh|3vw|false|false&#8221;]<\/p>\n<h2>Plant life and wildlife<\/h2>\n<p>Ljos\u00e5dalen Nature Reserve is wild, beautiful, untouched and has great natural diversity. The area distinguishes itself by being a large, well-rounded valley with a relatively large amount of productive old forest. Large areas further up the valley consist of sparse birch and pine forests that are interspersed by marsh and moorland, while deciduous forests grow on the steep scree-covered hillsides. The productive old forest has a high density of really old pine trees (250-500 years old), and there is a moderately high biodiversity of vascular plants, lichen and wood fungus. Both threatened and near threatened species have been recorded and some are regionally rare. Every year, hundreds of female reindeer migrate to Ljos\u00e5dalen to calve. Other members of the deer family such as moose and red deer are also common in Ljos\u00e5dalen valley. Golden eagles and other birds of prey have nesting sites in the nature reserve. Because Ljos\u00e5dalen valley is located far from any roads, hardly any fishing takes place in Ljos\u00e5vatnet lake. As a result, the fish are small and in poor condition.<\/p>\n<p>[\/et_pb_text][\/et_pb_column][et_pb_column type=&#8221;1_2&#8243; module_class=&#8221;first-on-mobile&#8221; _builder_version=&#8221;4.9.0&#8243; _module_preset=&#8221;default&#8221;][et_pb_image src=&#8221;https:\/\/www.svr.no\/wp-content\/uploads\/2022\/04\/Rovfuglvarde-ved-Trongen-Foto-Kjell-Helle-Olsen.jpg&#8221; title_text=&#8221;Photo: Kjell Helle Olsen&#8221; _builder_version=&#8221;4.9.0&#8243; _module_preset=&#8221;default&#8221;][\/et_pb_image][\/et_pb_column][\/et_pb_row][\/et_pb_section][et_pb_section fb_built=&#8221;1&#8243; module_class=&#8221;reveal_section&#8221; _builder_version=&#8221;4.9.0&#8243; custom_margin=&#8221;3vh||3vh||false|false&#8221; custom_padding=&#8221;0px||0px||false|false&#8221;][et_pb_row column_structure=&#8221;1_2,1_2&#8243; module_class=&#8221;custom_row&#8221; _builder_version=&#8221;4.9.0&#8243; _module_preset=&#8221;default&#8221; background_color=&#8221;#eceae9&#8243; width=&#8221;95%&#8221; max_width=&#8221;2560px&#8221; custom_margin=&#8221;0px||0px||false|false&#8221; custom_padding=&#8221;0px||0px||false|false&#8221;][et_pb_column type=&#8221;1_2&#8243; module_class=&#8221;second-on-mobile&#8221; _builder_version=&#8221;4.9.0&#8243; _module_preset=&#8221;default&#8221;][et_pb_text _builder_version=&#8221;4.9.0&#8243; _module_preset=&#8221;default&#8221; custom_padding=&#8221;3vh|3vw|3vh|3vw|false|false&#8221;]<\/p>\n<h2>Past use of the area<\/h2>\n<p>There have been settlements in Ljos\u00e5dalen valley, and people have lived below the towering Volieknuten mountain as far back as the 1750s. The remains of house foundations can still be found in Ljos\u00e5dalen valley. Ljos\u00e5dalen valley was part of the huge mountainous area that Thorvald Heiberg bought in 1912. After the war, it became state property and was called Njadarheim Veidemark. He also built a hunting cabin at \u2018Trongen\u2019 in the upper part of Ljos\u00e5dalen valley, where there had once been an old shelter that shepherds used during the summer. \u2018Trongen\u2019 has now been moved to the Mountain Museum at Kv\u00e6ven. Many old cultural monuments can be found in Ljos\u00e5dalen valley, such as Ross\u00e5sen, a mountain meadow where several farmhouses once stood. These were most likely in use during the 18 and 1900s.<\/p>\n<p>[\/et_pb_text][\/et_pb_column][et_pb_column type=&#8221;1_2&#8243; module_class=&#8221;first-on-mobile&#8221; _builder_version=&#8221;4.9.0&#8243; _module_preset=&#8221;default&#8221;][et_pb_image src=&#8221;https:\/\/www.svr.no\/wp-content\/uploads\/2022\/04\/Statsforvalteren-i-Agder.jpg&#8221; title_text=&#8221;Photo: Statsforvalteren i Agder&#8221; _builder_version=&#8221;4.9.0&#8243; _module_preset=&#8221;default&#8221;][\/et_pb_image][\/et_pb_column][\/et_pb_row][\/et_pb_section][et_pb_section fb_built=&#8221;1&#8243; module_class=&#8221;reveal_section&#8221; _builder_version=&#8221;4.9.0&#8243; custom_margin=&#8221;3vh||3vh||false|false&#8221; custom_padding=&#8221;0px||0px||false|false&#8221;][et_pb_row column_structure=&#8221;1_2,1_2&#8243; module_class=&#8221;custom_row&#8221; _builder_version=&#8221;4.9.0&#8243; _module_preset=&#8221;default&#8221; background_color=&#8221;#eceae9&#8243; width=&#8221;95%&#8221; max_width=&#8221;2560px&#8221; custom_margin=&#8221;0px||0px||false|false&#8221; custom_padding=&#8221;0px||0px||false|false&#8221;][et_pb_column type=&#8221;1_2&#8243; module_class=&#8221;second-on-mobile&#8221; _builder_version=&#8221;4.9.0&#8243; _module_preset=&#8221;default&#8221;][et_pb_text _builder_version=&#8221;4.9.0&#8243; _module_preset=&#8221;default&#8221; custom_padding=&#8221;3vh|3vw|3vh|3vw|false|false&#8221;]<\/p>\n<h2>Current use<\/h2>\n<p>The landowners expressed that conducting any type of forestry or industry work in Ljos\u00e5dalen valley was difficult. As a result, voluntary protection was put forward as a solution. The landowners can now conduct general maintenance on old mountain farm buildings, produce firewood and timber for these, as well as go hunting, fishing and run agricultural industries.<\/p>\n<p>[\/et_pb_text][\/et_pb_column][et_pb_column type=&#8221;1_2&#8243; module_class=&#8221;first-on-mobile&#8221; _builder_version=&#8221;4.9.0&#8243; _module_preset=&#8221;default&#8221;][et_pb_image src=&#8221;https:\/\/www.svr.no\/wp-content\/uploads\/2022\/04\/Foto-Statsforvalteren-i-Agder.jpg&#8221; title_text=&#8221;Photo: Statsforvalteren i Agder&#8221; _builder_version=&#8221;4.9.0&#8243; _module_preset=&#8221;default&#8221;][\/et_pb_image][\/et_pb_column][\/et_pb_row][\/et_pb_section][et_pb_section fb_built=&#8221;1&#8243; module_class=&#8221;reveal_section&#8221; _builder_version=&#8221;4.9.0&#8243; custom_margin=&#8221;3vh||3vh||false|false&#8221; custom_padding=&#8221;0px||0px||false|false&#8221;][et_pb_row column_structure=&#8221;1_2,1_2&#8243; use_custom_gutter=&#8221;on&#8221; gutter_width=&#8221;1&#8243; make_equal=&#8221;on&#8221; module_class=&#8221;custom_row&#8221; _builder_version=&#8221;4.9.0&#8243; _module_preset=&#8221;default&#8221; width=&#8221;100%&#8221; max_width=&#8221;2560px&#8221; custom_margin=&#8221;0px||0px||false|false&#8221; custom_padding=&#8221;0px||0px||false|false&#8221; locked=&#8221;off&#8221; background__hover_enabled=&#8221;on|hover&#8221; background_color__hover=&#8221;&#8221; background_enable_color__hover=&#8221;off&#8221;][et_pb_column type=&#8221;1_2&#8243; module_class=&#8221;second-on-mobile&#8221; _builder_version=&#8221;4.9.0&#8243; _module_preset=&#8221;default&#8221;][et_pb_text _builder_version=&#8221;4.9.0&#8243; _module_preset=&#8221;default&#8221; text_font_size=&#8221;17px&#8221; custom_padding=&#8221;3vh|3vw|3vh|3vw|false|false&#8221;]<\/p>\n<h2>Sources and further reading<\/h2>\n<p><a href=\"https:\/\/lovdata.no\/dokument\/LF\/forskrift\/2015-12-11-1535\">Verneforskrift<\/a> <a href=\"https:\/\/www.nasjonalparkstyre.no\/uploads\/files_setesdal_vestehei_ryfylkeheiane_frafjordheiane\/Forvaltingsplan-SVR.pdf\">Forvaltningsplan<\/a> Naturverdier for lokalitet Ljos\u00e5dalen, registrert i forbindelse med prosjekt Frivilligvern 2010. naRIN faktaark. Biofokus, NINA, milj\u00f8faglig utredning: <a href=\"http:\/\/lager.biofokus.no\/omraadebeskrivelser\/Frivilligvern2010_Ljosaadalen.pdf\">http:\/\/lager.biofokus.no\/omraadebeskrivelser\/Frivilligvern2010_Ljosaadalen.pdf<\/a> Gards og \u00e6ttesoge Valle:\u00a0\u00a0<a href=\"https:\/\/www.nb.no\/items\/ffcd2130c33fd3fd5a4b821c7d2cb3bf?page=125&amp;searchText=valle%20kommune%20gards-%20og%20%C3%A6ttesoge\">https:\/\/www.nb.no\/items\/ffcd2130c33fd3fd5a4b821c7d2cb3bf?page=125&amp;searchText=valle%20kommune%20gards-%20og%20%C3%A6ttesoge<\/a><\/p>\n<p>[\/et_pb_text][\/et_pb_column][et_pb_column type=&#8221;1_2&#8243; module_class=&#8221;first-on-mobile&#8221; _builder_version=&#8221;4.9.0&#8243; _module_preset=&#8221;default&#8221;][et_pb_text _builder_version=&#8221;4.9.0&#8243; _module_preset=&#8221;default&#8221; text_font_size=&#8221;17px&#8221; custom_padding=&#8221;3vh|3vw|3vh|3vw|false|false&#8221;][\/et_pb_text][\/et_pb_column][\/et_pb_row][\/et_pb_section]<\/p>\n","protected":false},"excerpt":{"rendered":"<p>Ljos\u00e5dalen Nature Reserve is a forested area in Ljos\u00e5dalen valley located in the north-west of Valle Municipality. It was voluntarily protected as a nature reserve by royal decree on 11 December 2015. The nature reserve covers a total area of approximately 37.9 km2 and shares borders with Setesdal Vesthei and Ryfylkeheiane Protected Landscape and Hisdal Nature Reserve.  The area stretches westwards on both sides of the Ljos\u00e5ni river towards Ljos\u00e5vatnet lake and Rjuven. Voilenuten is the highest mountain in the area standing at 1343 meters above sea level. Ljos\u00e5dalen Nature Reserve is the largest reserve in the SVR management area. Old pine forests and particularly important calving grounds for wild reindeer are two important reasons why the area gained its protected status.<\/p>\n","protected":false},"author":176,"featured_media":0,"parent":1905,"menu_order":0,"comment_status":"closed","ping_status":"closed","template":"","meta":{"_et_pb_use_builder":"on","_et_pb_old_content":"","_et_gb_content_width":"","footnotes":""},"class_list":["post-1854","page","type-page","status-publish","hentry"],"yoast_head":"<!-- This site is optimized with the Yoast SEO plugin v27.4 - https:\/\/yoast.com\/product\/yoast-seo-wordpress\/ -->\n<title>Ljos\u00e5dalen Nature Reserve &#8211; Setesdal Vesthei, Ryfylkeheiane og Frafjordheiane<\/title>\n<meta name=\"description\" content=\"Ljos\u00e5dalen nature reserve was protected in 2015 and is located in the north of Valle municipality. Here you can read more about what Ljos\u00e5dalen has to offer.\" \/>\n<meta name=\"robots\" content=\"index, follow, max-snippet:-1, max-image-preview:large, max-video-preview:-1\" \/>\n<link rel=\"canonical\" href=\"https:\/\/www.svr.no\/en\/about-the-protected-areas\/ljosadalen-nature-reserve\/\" \/>\n<meta property=\"og:locale\" content=\"en_US\" \/>\n<meta property=\"og:type\" content=\"article\" \/>\n<meta property=\"og:title\" content=\"Ljos\u00e5dalen Nature Reserve &#8211; Setesdal Vesthei, Ryfylkeheiane og Frafjordheiane\" \/>\n<meta property=\"og:description\" content=\"Ljos\u00e5dalen nature reserve was protected in 2015 and is located in the north of Valle municipality. Here you can read more about what Ljos\u00e5dalen has to offer.\" \/>\n<meta property=\"og:url\" content=\"https:\/\/www.svr.no\/en\/about-the-protected-areas\/ljosadalen-nature-reserve\/\" \/>\n<meta property=\"og:site_name\" content=\"Setesdal Vesthei, Ryfylkeheiane og Frafjordheiane\" \/>\n<meta property=\"article:publisher\" content=\"https:\/\/www.facebook.com\/\" \/>\n<meta property=\"article:modified_time\" content=\"2023-12-14T07:21:03+00:00\" \/>\n<meta property=\"og:image\" content=\"https:\/\/www.svr.no\/wp-content\/uploads\/2022\/03\/Natursti-Ha\u030ahellervatn-Guro-Sodergren.jpg\" \/>\n\t<meta property=\"og:image:width\" content=\"1920\" \/>\n\t<meta property=\"og:image:height\" content=\"1350\" \/>\n\t<meta property=\"og:image:type\" content=\"image\/jpeg\" \/>\n<meta name=\"twitter:card\" content=\"summary_large_image\" \/>\n<meta name=\"twitter:label1\" content=\"Est. reading time\" \/>\n\t<meta name=\"twitter:data1\" content=\"7 minutes\" \/>\n<script type=\"application\/ld+json\" class=\"yoast-schema-graph\">{\"@context\":\"https:\\\/\\\/schema.org\",\"@graph\":[{\"@type\":\"WebPage\",\"@id\":\"https:\\\/\\\/www.svr.no\\\/en\\\/about-the-protected-areas\\\/ljosadalen-nature-reserve\\\/\",\"url\":\"https:\\\/\\\/www.svr.no\\\/en\\\/about-the-protected-areas\\\/ljosadalen-nature-reserve\\\/\",\"name\":\"Ljos\u00e5dalen Nature Reserve &#8211; Setesdal Vesthei, Ryfylkeheiane og Frafjordheiane\",\"isPartOf\":{\"@id\":\"https:\\\/\\\/www.svr.no\\\/en\\\/#website\"},\"datePublished\":\"2022-08-20T19:07:47+00:00\",\"dateModified\":\"2023-12-14T07:21:03+00:00\",\"description\":\"Ljos\u00e5dalen nature reserve was protected in 2015 and is located in the north of Valle municipality. Here you can read more about what Ljos\u00e5dalen has to offer.\",\"breadcrumb\":{\"@id\":\"https:\\\/\\\/www.svr.no\\\/en\\\/about-the-protected-areas\\\/ljosadalen-nature-reserve\\\/#breadcrumb\"},\"inLanguage\":\"en-US\",\"potentialAction\":[{\"@type\":\"ReadAction\",\"target\":[\"https:\\\/\\\/www.svr.no\\\/en\\\/about-the-protected-areas\\\/ljosadalen-nature-reserve\\\/\"]}]},{\"@type\":\"BreadcrumbList\",\"@id\":\"https:\\\/\\\/www.svr.no\\\/en\\\/about-the-protected-areas\\\/ljosadalen-nature-reserve\\\/#breadcrumb\",\"itemListElement\":[{\"@type\":\"ListItem\",\"position\":1,\"name\":\"Hjem\",\"item\":\"https:\\\/\\\/www.svr.no\\\/en\\\/\"},{\"@type\":\"ListItem\",\"position\":2,\"name\":\"About the protected areas\",\"item\":\"https:\\\/\\\/www.svr.no\\\/en\\\/about-the-protected-areas\\\/\"},{\"@type\":\"ListItem\",\"position\":3,\"name\":\"Ljos\u00e5dalen Nature Reserve\"}]},{\"@type\":\"WebSite\",\"@id\":\"https:\\\/\\\/www.svr.no\\\/en\\\/#website\",\"url\":\"https:\\\/\\\/www.svr.no\\\/en\\\/\",\"name\":\"Setesdal Vesthei, Ryfylkeheiane og Frafjordheiane\",\"description\":\"\",\"publisher\":{\"@id\":\"https:\\\/\\\/www.svr.no\\\/en\\\/#organization\"},\"potentialAction\":[{\"@type\":\"SearchAction\",\"target\":{\"@type\":\"EntryPoint\",\"urlTemplate\":\"https:\\\/\\\/www.svr.no\\\/en\\\/?s={search_term_string}\"},\"query-input\":{\"@type\":\"PropertyValueSpecification\",\"valueRequired\":true,\"valueName\":\"search_term_string\"}}],\"inLanguage\":\"en-US\"},{\"@type\":\"Organization\",\"@id\":\"https:\\\/\\\/www.svr.no\\\/en\\\/#organization\",\"name\":\"Verneomr\u00e5da i Setesdal Vesthei, Ryfylkeheiane og Frafjordheiane\",\"url\":\"https:\\\/\\\/www.svr.no\\\/en\\\/\",\"logo\":{\"@type\":\"ImageObject\",\"inLanguage\":\"en-US\",\"@id\":\"https:\\\/\\\/www.svr.no\\\/en\\\/#\\\/schema\\\/logo\\\/image\\\/\",\"url\":\"https:\\\/\\\/www.svr.no\\\/wp-content\\\/uploads\\\/2022\\\/03\\\/NN_logo_VerneomraI\u0300S\u030cda_SVRF_sort.png\",\"contentUrl\":\"https:\\\/\\\/www.svr.no\\\/wp-content\\\/uploads\\\/2022\\\/03\\\/NN_logo_VerneomraI\u0300S\u030cda_SVRF_sort.png\",\"width\":2934,\"height\":1204,\"caption\":\"Verneomr\u00e5da i Setesdal Vesthei, Ryfylkeheiane og Frafjordheiane\"},\"image\":{\"@id\":\"https:\\\/\\\/www.svr.no\\\/en\\\/#\\\/schema\\\/logo\\\/image\\\/\"},\"sameAs\":[\"https:\\\/\\\/www.facebook.com\\\/\"]}]}<\/script>\n<!-- \/ Yoast SEO plugin. -->","yoast_head_json":{"title":"Ljos\u00e5dalen Nature Reserve &#8211; Setesdal Vesthei, Ryfylkeheiane og Frafjordheiane","description":"Ljos\u00e5dalen nature reserve was protected in 2015 and is located in the north of Valle municipality. Here you can read more about what Ljos\u00e5dalen has to offer.","robots":{"index":"index","follow":"follow","max-snippet":"max-snippet:-1","max-image-preview":"max-image-preview:large","max-video-preview":"max-video-preview:-1"},"canonical":"https:\/\/www.svr.no\/en\/about-the-protected-areas\/ljosadalen-nature-reserve\/","og_locale":"en_US","og_type":"article","og_title":"Ljos\u00e5dalen Nature Reserve &#8211; Setesdal Vesthei, Ryfylkeheiane og Frafjordheiane","og_description":"Ljos\u00e5dalen nature reserve was protected in 2015 and is located in the north of Valle municipality. Here you can read more about what Ljos\u00e5dalen has to offer.","og_url":"https:\/\/www.svr.no\/en\/about-the-protected-areas\/ljosadalen-nature-reserve\/","og_site_name":"Setesdal Vesthei, Ryfylkeheiane og Frafjordheiane","article_publisher":"https:\/\/www.facebook.com\/","article_modified_time":"2023-12-14T07:21:03+00:00","og_image":[{"width":1920,"height":1350,"url":"https:\/\/www.svr.no\/wp-content\/uploads\/2022\/03\/Natursti-Ha\u030ahellervatn-Guro-Sodergren.jpg","type":"image\/jpeg"}],"twitter_card":"summary_large_image","twitter_misc":{"Est. reading time":"7 minutes"},"schema":{"@context":"https:\/\/schema.org","@graph":[{"@type":"WebPage","@id":"https:\/\/www.svr.no\/en\/about-the-protected-areas\/ljosadalen-nature-reserve\/","url":"https:\/\/www.svr.no\/en\/about-the-protected-areas\/ljosadalen-nature-reserve\/","name":"Ljos\u00e5dalen Nature Reserve &#8211; Setesdal Vesthei, Ryfylkeheiane og Frafjordheiane","isPartOf":{"@id":"https:\/\/www.svr.no\/en\/#website"},"datePublished":"2022-08-20T19:07:47+00:00","dateModified":"2023-12-14T07:21:03+00:00","description":"Ljos\u00e5dalen nature reserve was protected in 2015 and is located in the north of Valle municipality. Here you can read more about what Ljos\u00e5dalen has to offer.","breadcrumb":{"@id":"https:\/\/www.svr.no\/en\/about-the-protected-areas\/ljosadalen-nature-reserve\/#breadcrumb"},"inLanguage":"en-US","potentialAction":[{"@type":"ReadAction","target":["https:\/\/www.svr.no\/en\/about-the-protected-areas\/ljosadalen-nature-reserve\/"]}]},{"@type":"BreadcrumbList","@id":"https:\/\/www.svr.no\/en\/about-the-protected-areas\/ljosadalen-nature-reserve\/#breadcrumb","itemListElement":[{"@type":"ListItem","position":1,"name":"Hjem","item":"https:\/\/www.svr.no\/en\/"},{"@type":"ListItem","position":2,"name":"About the protected areas","item":"https:\/\/www.svr.no\/en\/about-the-protected-areas\/"},{"@type":"ListItem","position":3,"name":"Ljos\u00e5dalen Nature Reserve"}]},{"@type":"WebSite","@id":"https:\/\/www.svr.no\/en\/#website","url":"https:\/\/www.svr.no\/en\/","name":"Setesdal Vesthei, Ryfylkeheiane og Frafjordheiane","description":"","publisher":{"@id":"https:\/\/www.svr.no\/en\/#organization"},"potentialAction":[{"@type":"SearchAction","target":{"@type":"EntryPoint","urlTemplate":"https:\/\/www.svr.no\/en\/?s={search_term_string}"},"query-input":{"@type":"PropertyValueSpecification","valueRequired":true,"valueName":"search_term_string"}}],"inLanguage":"en-US"},{"@type":"Organization","@id":"https:\/\/www.svr.no\/en\/#organization","name":"Verneomr\u00e5da i Setesdal Vesthei, Ryfylkeheiane og Frafjordheiane","url":"https:\/\/www.svr.no\/en\/","logo":{"@type":"ImageObject","inLanguage":"en-US","@id":"https:\/\/www.svr.no\/en\/#\/schema\/logo\/image\/","url":"https:\/\/www.svr.no\/wp-content\/uploads\/2022\/03\/NN_logo_VerneomraI\u0300S\u030cda_SVRF_sort.png","contentUrl":"https:\/\/www.svr.no\/wp-content\/uploads\/2022\/03\/NN_logo_VerneomraI\u0300S\u030cda_SVRF_sort.png","width":2934,"height":1204,"caption":"Verneomr\u00e5da i Setesdal Vesthei, Ryfylkeheiane og Frafjordheiane"},"image":{"@id":"https:\/\/www.svr.no\/en\/#\/schema\/logo\/image\/"},"sameAs":["https:\/\/www.facebook.com\/"]}]}},"_links":{"self":[{"href":"https:\/\/www.svr.no\/en\/wp-json\/wp\/v2\/pages\/1854","targetHints":{"allow":["GET"]}}],"collection":[{"href":"https:\/\/www.svr.no\/en\/wp-json\/wp\/v2\/pages"}],"about":[{"href":"https:\/\/www.svr.no\/en\/wp-json\/wp\/v2\/types\/page"}],"author":[{"embeddable":true,"href":"https:\/\/www.svr.no\/en\/wp-json\/wp\/v2\/users\/176"}],"replies":[{"embeddable":true,"href":"https:\/\/www.svr.no\/en\/wp-json\/wp\/v2\/comments?post=1854"}],"version-history":[{"count":5,"href":"https:\/\/www.svr.no\/en\/wp-json\/wp\/v2\/pages\/1854\/revisions"}],"predecessor-version":[{"id":2432,"href":"https:\/\/www.svr.no\/en\/wp-json\/wp\/v2\/pages\/1854\/revisions\/2432"}],"up":[{"embeddable":true,"href":"https:\/\/www.svr.no\/en\/wp-json\/wp\/v2\/pages\/1905"}],"wp:attachment":[{"href":"https:\/\/www.svr.no\/en\/wp-json\/wp\/v2\/media?parent=1854"}],"curies":[{"name":"wp","href":"https:\/\/api.w.org\/{rel}","templated":true}]}}