{"id":1887,"date":"2022-08-28T20:42:14","date_gmt":"2022-08-28T18:42:14","guid":{"rendered":"https:\/\/www.svr.no\/experience-setesdal-vesthei-ryfylkeheiene-and-frafjordheiene\/open-cabins\/"},"modified":"2023-07-26T10:37:14","modified_gmt":"2023-07-26T08:37:14","slug":"open-cabins","status":"publish","type":"page","link":"https:\/\/www.svr.no\/en\/experience-setesdal-vesthei-ryfylkeheiene-and-frafjordheiene\/open-cabins\/","title":{"rendered":"Open cabins"},"content":{"rendered":"<p>[et_pb_section fb_built=&#8221;1&#8243; fullwidth=&#8221;on&#8221; _builder_version=&#8221;4.3.2&#8243; custom_css_main_element=&#8221;cursor: s-resize;&#8221;][et_pb_fullwidth_image src=&#8221;https:\/\/www.svr.no\/wp-content\/uploads\/2022\/03\/Statskoghytte-Grunnevassbu-Jorn-Trygve-Haug.jpg&#8221; alt=&#8221;Mountain valley.&#8221; title_text=&#8221;Photo: J\u00f8rn Trygve Haug&#8221; _builder_version=&#8221;4.9.0&#8243;][\/et_pb_fullwidth_image][\/et_pb_section][et_pb_section fb_built=&#8221;1&#8243; _builder_version=&#8221;4.9.0&#8243; _module_preset=&#8221;default&#8221; custom_margin=&#8221;0px||0px||false|false&#8221; custom_padding=&#8221;0px||0px||false|false&#8221;][et_pb_row column_structure=&#8221;1_2,1_2&#8243; use_custom_gutter=&#8221;on&#8221; gutter_width=&#8221;1&#8243; make_equal=&#8221;on&#8221; module_class=&#8221;custom_row&#8221; _builder_version=&#8221;4.9.0&#8243; _module_preset=&#8221;default&#8221; width=&#8221;100%&#8221; max_width=&#8221;2560px&#8221; custom_margin=&#8221;0px||0px||false|false&#8221; custom_padding=&#8221;0px||0px||false|false&#8221; background__hover_enabled=&#8221;off|desktop&#8221; background_color__hover=&#8221;#ffe1c2&#8243; background_enable_color__hover=&#8221;on&#8221;][et_pb_column type=&#8221;1_2&#8243; module_class=&#8221;first-on-mobile&#8221; _builder_version=&#8221;4.9.0&#8243; _module_preset=&#8221;default&#8221;][et_pb_image src=&#8221;https:\/\/www.svr.no\/wp-content\/uploads\/2022\/05\/Ny-Melands-Gronahei-Foto-Odd-Inge-Worsoe.jpg&#8221; title_text=&#8221;Photo: Odd Inge Wors\u00f8e&#8221; _builder_version=&#8221;4.9.0&#8243; _module_preset=&#8221;default&#8221;][\/et_pb_image][\/et_pb_column][et_pb_column type=&#8221;1_2&#8243; module_class=&#8221;second-on-mobile&#8221; _builder_version=&#8221;4.9.0&#8243; _module_preset=&#8221;default&#8221;][et_pb_text _builder_version=&#8221;4.9.0&#8243; _module_preset=&#8221;default&#8221; custom_margin=&#8221;3vh|3vw|3vh|3vw|false|false&#8221; hover_enabled=&#8221;0&#8243; sticky_enabled=&#8221;0&#8243;]<\/p>\n<h2>The trekking association\u2019s cabins<\/h2>\n<p><strong>Stavanger Trekking Association\u2019s<\/strong> chain of cabins stretches through Ryfylkeheiane from Sirdal valley and Frafjordheiane in the south to Haukeliseter in the north. The vast majority of the 24 cabins are left unlocked, but check <a href=\"http:\/\/www.stf.no\/\">Stavanger Trekking Association\u2019s website<\/a> for more detailed information about bookings and route descriptions.<\/p>\n<p><strong>The Norwegian Trekking Association-South <\/strong>has many cabins in Setesdalsheiane, from \u00c5seral to Bykle. All 11 cabins are left unlocked, but check <a href=\"http:\/\/www.dntsor.no\/\">The Norwegian Trekking Association-South\u2019s website<\/a> for more detailed information about bookings and route descriptions.<\/p>\n<p>[\/et_pb_text][\/et_pb_column][\/et_pb_row][\/et_pb_section][et_pb_section fb_built=&#8221;1&#8243; _builder_version=&#8221;4.9.0&#8243; _module_preset=&#8221;default&#8221; custom_margin=&#8221;0px||0px||false|false&#8221; custom_padding=&#8221;0px||0px||false|false&#8221;][et_pb_row column_structure=&#8221;1_2,1_2&#8243; use_custom_gutter=&#8221;on&#8221; gutter_width=&#8221;1&#8243; make_equal=&#8221;on&#8221; module_class=&#8221;custom_row&#8221; _builder_version=&#8221;4.9.0&#8243; _module_preset=&#8221;default&#8221; width=&#8221;100%&#8221; max_width=&#8221;2560px&#8221; custom_margin=&#8221;0px||0px||false|false&#8221; custom_padding=&#8221;0px||0px||false|false&#8221; background__hover_enabled=&#8221;off|desktop&#8221; background_color__hover=&#8221;#ffe1c2&#8243; background_enable_color__hover=&#8221;on&#8221;][et_pb_column type=&#8221;1_2&#8243; module_class=&#8221;second-on-mobile&#8221; _builder_version=&#8221;4.9.0&#8243; _module_preset=&#8221;default&#8221;][et_pb_text _builder_version=&#8221;4.9.0&#8243; _module_preset=&#8221;default&#8221; custom_margin=&#8221;6vh|3vw|3vh|3vw|false|false&#8221; hover_enabled=&#8221;0&#8243; sticky_enabled=&#8221;0&#8243;]<\/p>\n<h2>Statskog<\/h2>\n<p>Statskog has 17 cabins in Sirdalsheiane and Setesdalsheiane. These cabins must be booked in advance. Visit <a href=\"https:\/\/www.inatur.no\/\">iNatur<\/a> for more information.<\/p>\n<p>[\/et_pb_text][\/et_pb_column][et_pb_column type=&#8221;1_2&#8243; module_class=&#8221;first-on-mobile&#8221; _builder_version=&#8221;4.9.0&#8243; _module_preset=&#8221;default&#8221;][et_pb_image src=&#8221;https:\/\/www.svr.no\/wp-content\/uploads\/2022\/03\/Statskoglogo_Foto-SVR.jpg&#8221; title_text=&#8221;Photo: SVR&#8221; _builder_version=&#8221;4.9.0&#8243; _module_preset=&#8221;default&#8221;][\/et_pb_image][\/et_pb_column][\/et_pb_row][\/et_pb_section][et_pb_section fb_built=&#8221;1&#8243; _builder_version=&#8221;4.9.0&#8243; _module_preset=&#8221;default&#8221; custom_margin=&#8221;0px||0px||false|false&#8221; custom_padding=&#8221;0px||0px||false|false&#8221;][et_pb_row column_structure=&#8221;1_2,1_2&#8243; use_custom_gutter=&#8221;on&#8221; gutter_width=&#8221;1&#8243; make_equal=&#8221;on&#8221; module_class=&#8221;custom_row&#8221; _builder_version=&#8221;4.9.0&#8243; _module_preset=&#8221;default&#8221; width=&#8221;100%&#8221; max_width=&#8221;2560px&#8221; custom_margin=&#8221;0px||0px||false|false&#8221; custom_padding=&#8221;0px||0px||false|false&#8221; background__hover_enabled=&#8221;off|desktop&#8221; background_color__hover=&#8221;#ffe1c2&#8243; background_enable_color__hover=&#8221;on&#8221;][et_pb_column type=&#8221;1_2&#8243; module_class=&#8221;first-on-mobile&#8221; _builder_version=&#8221;4.9.0&#8243; _module_preset=&#8221;default&#8221;][et_pb_image src=&#8221;https:\/\/www.svr.no\/wp-content\/uploads\/2022\/03\/Fjellstyrehytte-Bla\u030aberga\u030askilen-SuldalFoto.jpg&#8221; title_text=&#8221;Bla\u030aberga\u030askilen. Photo: Suldal Foto&#8221; _builder_version=&#8221;4.9.0&#8243; _module_preset=&#8221;default&#8221;][\/et_pb_image][\/et_pb_column][et_pb_column type=&#8221;1_2&#8243; module_class=&#8221;second-on-mobile&#8221; _builder_version=&#8221;4.9.0&#8243; _module_preset=&#8221;default&#8221;][et_pb_text _builder_version=&#8221;4.9.0&#8243; _module_preset=&#8221;default&#8221; custom_margin=&#8221;6vh|3vw|3vh|3vw|false|false&#8221; hover_enabled=&#8221;0&#8243; sticky_enabled=&#8221;0&#8243;]<\/p>\n<h2>Mountain board cabins<\/h2>\n<p><strong>Hjelmeland Mountain Board <\/strong>has four cabins at Bl\u00e5sj\u00f8. Of these, Bl\u00e5fjellhytta cabin is left unlocked, while the others must be booked in advance. Find information at\u00a0<a href=\"http:\/\/www.hjelmeland-fjellstyrene.no\/\">Hjelmeland-fjellstyrene.no.<\/a><\/p>\n<p><strong>Bykle Mountain Board<\/strong> has seven cabins in the vicinity of Bl\u00e5sj\u00f8. These cabins must be booked in advance. Find more information at <a href=\"http:\/\/www.byklefjellstyre.no\/\">Byklefjellstyre.no<\/a><\/p>\n<p><strong>Suldal Mountain Board<\/strong> has three cabins in Dyraheio north of Bl\u00e5sj\u00f8. These cabins are left unlocked. Find more information at <a href=\"http:\/\/www.fjellstyrene.no\/\">Fjellstyrene.no.<\/a><\/p>\n<p>[\/et_pb_text][\/et_pb_column][\/et_pb_row][\/et_pb_section]<\/p>\n","protected":false},"excerpt":{"rendered":"<p>There are many possibilities for overnight stays in and close to the protected areas in SVR. The local trekking association, Statskog and the mountain authorities have a total of 66 cabins in these areas.<\/p>\n","protected":false},"author":172,"featured_media":0,"parent":1881,"menu_order":0,"comment_status":"closed","ping_status":"closed","template":"","meta":{"_et_pb_use_builder":"on","_et_pb_old_content":"","_et_gb_content_width":"","footnotes":""},"class_list":["post-1887","page","type-page","status-publish","hentry"],"yoast_head":"<!-- This site is optimized with the Yoast SEO plugin v27.4 - https:\/\/yoast.com\/product\/yoast-seo-wordpress\/ -->\n<title>Open cabins &#8211; Setesdal Vesthei, Ryfylkeheiane og Frafjordheiane<\/title>\n<meta name=\"description\" content=\"There are many options for spending the night in and close to the protected areas in SVR. Here you can read more about the various rental cabins.\" \/>\n<meta name=\"robots\" content=\"index, follow, max-snippet:-1, max-image-preview:large, max-video-preview:-1\" \/>\n<link rel=\"canonical\" href=\"https:\/\/www.svr.no\/en\/experience-setesdal-vesthei-ryfylkeheiene-and-frafjordheiene\/open-cabins\/\" \/>\n<meta property=\"og:locale\" content=\"en_US\" \/>\n<meta property=\"og:type\" content=\"article\" \/>\n<meta property=\"og:title\" content=\"Open cabins &#8211; Setesdal Vesthei, Ryfylkeheiane og Frafjordheiane\" \/>\n<meta property=\"og:description\" content=\"There are many options for spending the night in and close to the protected areas in SVR. Here you can read more about the various rental cabins.\" \/>\n<meta property=\"og:url\" content=\"https:\/\/www.svr.no\/en\/experience-setesdal-vesthei-ryfylkeheiene-and-frafjordheiene\/open-cabins\/\" \/>\n<meta property=\"og:site_name\" content=\"Setesdal Vesthei, Ryfylkeheiane og Frafjordheiane\" \/>\n<meta property=\"article:publisher\" content=\"https:\/\/www.facebook.com\/\" \/>\n<meta property=\"article:modified_time\" content=\"2023-07-26T08:37:14+00:00\" \/>\n<meta property=\"og:image\" content=\"https:\/\/www.svr.no\/wp-content\/uploads\/2022\/03\/Natursti-Ha\u030ahellervatn-Guro-Sodergren.jpg\" \/>\n\t<meta property=\"og:image:width\" content=\"1920\" \/>\n\t<meta property=\"og:image:height\" content=\"1350\" \/>\n\t<meta property=\"og:image:type\" content=\"image\/jpeg\" \/>\n<meta name=\"twitter:card\" content=\"summary_large_image\" \/>\n<meta name=\"twitter:label1\" content=\"Est. reading time\" \/>\n\t<meta name=\"twitter:data1\" content=\"4 minutes\" \/>\n<script type=\"application\/ld+json\" class=\"yoast-schema-graph\">{\"@context\":\"https:\\\/\\\/schema.org\",\"@graph\":[{\"@type\":\"WebPage\",\"@id\":\"https:\\\/\\\/www.svr.no\\\/en\\\/experience-setesdal-vesthei-ryfylkeheiene-and-frafjordheiene\\\/open-cabins\\\/\",\"url\":\"https:\\\/\\\/www.svr.no\\\/en\\\/experience-setesdal-vesthei-ryfylkeheiene-and-frafjordheiene\\\/open-cabins\\\/\",\"name\":\"Open cabins &#8211; Setesdal Vesthei, Ryfylkeheiane og Frafjordheiane\",\"isPartOf\":{\"@id\":\"https:\\\/\\\/www.svr.no\\\/en\\\/#website\"},\"datePublished\":\"2022-08-28T18:42:14+00:00\",\"dateModified\":\"2023-07-26T08:37:14+00:00\",\"description\":\"There are many options for spending the night in and close to the protected areas in SVR. Here you can read more about the various rental cabins.\",\"breadcrumb\":{\"@id\":\"https:\\\/\\\/www.svr.no\\\/en\\\/experience-setesdal-vesthei-ryfylkeheiene-and-frafjordheiene\\\/open-cabins\\\/#breadcrumb\"},\"inLanguage\":\"en-US\",\"potentialAction\":[{\"@type\":\"ReadAction\",\"target\":[\"https:\\\/\\\/www.svr.no\\\/en\\\/experience-setesdal-vesthei-ryfylkeheiene-and-frafjordheiene\\\/open-cabins\\\/\"]}]},{\"@type\":\"BreadcrumbList\",\"@id\":\"https:\\\/\\\/www.svr.no\\\/en\\\/experience-setesdal-vesthei-ryfylkeheiene-and-frafjordheiene\\\/open-cabins\\\/#breadcrumb\",\"itemListElement\":[{\"@type\":\"ListItem\",\"position\":1,\"name\":\"Hjem\",\"item\":\"https:\\\/\\\/www.svr.no\\\/en\\\/\"},{\"@type\":\"ListItem\",\"position\":2,\"name\":\"Experience Setesdal Vesthei, Ryfylkeheiene and Frafjordheiene\",\"item\":\"https:\\\/\\\/www.svr.no\\\/en\\\/experience-setesdal-vesthei-ryfylkeheiene-and-frafjordheiene\\\/\"},{\"@type\":\"ListItem\",\"position\":3,\"name\":\"Open cabins\"}]},{\"@type\":\"WebSite\",\"@id\":\"https:\\\/\\\/www.svr.no\\\/en\\\/#website\",\"url\":\"https:\\\/\\\/www.svr.no\\\/en\\\/\",\"name\":\"Setesdal Vesthei, Ryfylkeheiane og Frafjordheiane\",\"description\":\"\",\"publisher\":{\"@id\":\"https:\\\/\\\/www.svr.no\\\/en\\\/#organization\"},\"potentialAction\":[{\"@type\":\"SearchAction\",\"target\":{\"@type\":\"EntryPoint\",\"urlTemplate\":\"https:\\\/\\\/www.svr.no\\\/en\\\/?s={search_term_string}\"},\"query-input\":{\"@type\":\"PropertyValueSpecification\",\"valueRequired\":true,\"valueName\":\"search_term_string\"}}],\"inLanguage\":\"en-US\"},{\"@type\":\"Organization\",\"@id\":\"https:\\\/\\\/www.svr.no\\\/en\\\/#organization\",\"name\":\"Verneomr\u00e5da i Setesdal Vesthei, Ryfylkeheiane og Frafjordheiane\",\"url\":\"https:\\\/\\\/www.svr.no\\\/en\\\/\",\"logo\":{\"@type\":\"ImageObject\",\"inLanguage\":\"en-US\",\"@id\":\"https:\\\/\\\/www.svr.no\\\/en\\\/#\\\/schema\\\/logo\\\/image\\\/\",\"url\":\"https:\\\/\\\/www.svr.no\\\/wp-content\\\/uploads\\\/2022\\\/03\\\/NN_logo_VerneomraI\u0300S\u030cda_SVRF_sort.png\",\"contentUrl\":\"https:\\\/\\\/www.svr.no\\\/wp-content\\\/uploads\\\/2022\\\/03\\\/NN_logo_VerneomraI\u0300S\u030cda_SVRF_sort.png\",\"width\":2934,\"height\":1204,\"caption\":\"Verneomr\u00e5da i Setesdal Vesthei, Ryfylkeheiane og Frafjordheiane\"},\"image\":{\"@id\":\"https:\\\/\\\/www.svr.no\\\/en\\\/#\\\/schema\\\/logo\\\/image\\\/\"},\"sameAs\":[\"https:\\\/\\\/www.facebook.com\\\/\"]}]}<\/script>\n<!-- \/ Yoast SEO plugin. -->","yoast_head_json":{"title":"Open cabins &#8211; Setesdal Vesthei, Ryfylkeheiane og Frafjordheiane","description":"There are many options for spending the night in and close to the protected areas in SVR. Here you can read more about the various rental cabins.","robots":{"index":"index","follow":"follow","max-snippet":"max-snippet:-1","max-image-preview":"max-image-preview:large","max-video-preview":"max-video-preview:-1"},"canonical":"https:\/\/www.svr.no\/en\/experience-setesdal-vesthei-ryfylkeheiene-and-frafjordheiene\/open-cabins\/","og_locale":"en_US","og_type":"article","og_title":"Open cabins &#8211; Setesdal Vesthei, Ryfylkeheiane og Frafjordheiane","og_description":"There are many options for spending the night in and close to the protected areas in SVR. Here you can read more about the various rental cabins.","og_url":"https:\/\/www.svr.no\/en\/experience-setesdal-vesthei-ryfylkeheiene-and-frafjordheiene\/open-cabins\/","og_site_name":"Setesdal Vesthei, Ryfylkeheiane og Frafjordheiane","article_publisher":"https:\/\/www.facebook.com\/","article_modified_time":"2023-07-26T08:37:14+00:00","og_image":[{"width":1920,"height":1350,"url":"https:\/\/www.svr.no\/wp-content\/uploads\/2022\/03\/Natursti-Ha\u030ahellervatn-Guro-Sodergren.jpg","type":"image\/jpeg"}],"twitter_card":"summary_large_image","twitter_misc":{"Est. reading time":"4 minutes"},"schema":{"@context":"https:\/\/schema.org","@graph":[{"@type":"WebPage","@id":"https:\/\/www.svr.no\/en\/experience-setesdal-vesthei-ryfylkeheiene-and-frafjordheiene\/open-cabins\/","url":"https:\/\/www.svr.no\/en\/experience-setesdal-vesthei-ryfylkeheiene-and-frafjordheiene\/open-cabins\/","name":"Open cabins &#8211; Setesdal Vesthei, Ryfylkeheiane og Frafjordheiane","isPartOf":{"@id":"https:\/\/www.svr.no\/en\/#website"},"datePublished":"2022-08-28T18:42:14+00:00","dateModified":"2023-07-26T08:37:14+00:00","description":"There are many options for spending the night in and close to the protected areas in SVR. Here you can read more about the various rental cabins.","breadcrumb":{"@id":"https:\/\/www.svr.no\/en\/experience-setesdal-vesthei-ryfylkeheiene-and-frafjordheiene\/open-cabins\/#breadcrumb"},"inLanguage":"en-US","potentialAction":[{"@type":"ReadAction","target":["https:\/\/www.svr.no\/en\/experience-setesdal-vesthei-ryfylkeheiene-and-frafjordheiene\/open-cabins\/"]}]},{"@type":"BreadcrumbList","@id":"https:\/\/www.svr.no\/en\/experience-setesdal-vesthei-ryfylkeheiene-and-frafjordheiene\/open-cabins\/#breadcrumb","itemListElement":[{"@type":"ListItem","position":1,"name":"Hjem","item":"https:\/\/www.svr.no\/en\/"},{"@type":"ListItem","position":2,"name":"Experience Setesdal Vesthei, Ryfylkeheiene and Frafjordheiene","item":"https:\/\/www.svr.no\/en\/experience-setesdal-vesthei-ryfylkeheiene-and-frafjordheiene\/"},{"@type":"ListItem","position":3,"name":"Open cabins"}]},{"@type":"WebSite","@id":"https:\/\/www.svr.no\/en\/#website","url":"https:\/\/www.svr.no\/en\/","name":"Setesdal Vesthei, Ryfylkeheiane og Frafjordheiane","description":"","publisher":{"@id":"https:\/\/www.svr.no\/en\/#organization"},"potentialAction":[{"@type":"SearchAction","target":{"@type":"EntryPoint","urlTemplate":"https:\/\/www.svr.no\/en\/?s={search_term_string}"},"query-input":{"@type":"PropertyValueSpecification","valueRequired":true,"valueName":"search_term_string"}}],"inLanguage":"en-US"},{"@type":"Organization","@id":"https:\/\/www.svr.no\/en\/#organization","name":"Verneomr\u00e5da i Setesdal Vesthei, Ryfylkeheiane og Frafjordheiane","url":"https:\/\/www.svr.no\/en\/","logo":{"@type":"ImageObject","inLanguage":"en-US","@id":"https:\/\/www.svr.no\/en\/#\/schema\/logo\/image\/","url":"https:\/\/www.svr.no\/wp-content\/uploads\/2022\/03\/NN_logo_VerneomraI\u0300S\u030cda_SVRF_sort.png","contentUrl":"https:\/\/www.svr.no\/wp-content\/uploads\/2022\/03\/NN_logo_VerneomraI\u0300S\u030cda_SVRF_sort.png","width":2934,"height":1204,"caption":"Verneomr\u00e5da i Setesdal Vesthei, Ryfylkeheiane og Frafjordheiane"},"image":{"@id":"https:\/\/www.svr.no\/en\/#\/schema\/logo\/image\/"},"sameAs":["https:\/\/www.facebook.com\/"]}]}},"_links":{"self":[{"href":"https:\/\/www.svr.no\/en\/wp-json\/wp\/v2\/pages\/1887","targetHints":{"allow":["GET"]}}],"collection":[{"href":"https:\/\/www.svr.no\/en\/wp-json\/wp\/v2\/pages"}],"about":[{"href":"https:\/\/www.svr.no\/en\/wp-json\/wp\/v2\/types\/page"}],"author":[{"embeddable":true,"href":"https:\/\/www.svr.no\/en\/wp-json\/wp\/v2\/users\/172"}],"replies":[{"embeddable":true,"href":"https:\/\/www.svr.no\/en\/wp-json\/wp\/v2\/comments?post=1887"}],"version-history":[{"count":4,"href":"https:\/\/www.svr.no\/en\/wp-json\/wp\/v2\/pages\/1887\/revisions"}],"predecessor-version":[{"id":2265,"href":"https:\/\/www.svr.no\/en\/wp-json\/wp\/v2\/pages\/1887\/revisions\/2265"}],"up":[{"embeddable":true,"href":"https:\/\/www.svr.no\/en\/wp-json\/wp\/v2\/pages\/1881"}],"wp:attachment":[{"href":"https:\/\/www.svr.no\/en\/wp-json\/wp\/v2\/media?parent=1887"}],"curies":[{"name":"wp","href":"https:\/\/api.w.org\/{rel}","templated":true}]}}